{"id":9428,"date":"2021-07-14T16:14:18","date_gmt":"2021-07-14T15:14:18","guid":{"rendered":"https:\/\/huitres-arcachon-capferret.fr\/die-auster-ein-detox-lebensmittel\/"},"modified":"2021-07-16T09:45:08","modified_gmt":"2021-07-16T08:45:08","slug":"die-auster-ein-detox-lebensmittel","status":"publish","type":"page","link":"https:\/\/huitres-arcachon-capferret.fr\/de\/die-auster-ein-detox-lebensmittel\/","title":{"rendered":"Die Auster, ein Detox-Lebensmittel"},"content":{"rendered":"\t\t<div data-elementor-type=\"wp-page\" data-elementor-id=\"9428\" class=\"elementor elementor-9428 elementor-2854\" data-elementor-post-type=\"page\">\n\t\t\t\t\t\t<section class=\"elementor-section elementor-top-section elementor-element elementor-element-1d01cbff elementor-section-full_width elementor-section-height-default elementor-section-height-default\" data-id=\"1d01cbff\" data-element_type=\"section\" data-e-type=\"section\" data-settings=\"{&quot;background_background&quot;:&quot;classic&quot;}\">\n\t\t\t\t\t\t<div class=\"elementor-container elementor-column-gap-default\">\n\t\t\t\t\t<div class=\"elementor-column elementor-col-100 elementor-top-column elementor-element elementor-element-429214c0\" data-id=\"429214c0\" data-element_type=\"column\" data-e-type=\"column\" data-settings=\"{&quot;background_background&quot;:&quot;classic&quot;}\">\n\t\t\t<div class=\"elementor-widget-wrap elementor-element-populated\">\n\t\t\t\t\t\t<div class=\"elementor-element elementor-element-5567668c elementor-widget__width-auto elementor-widget elementor-widget-heading\" data-id=\"5567668c\" data-element_type=\"widget\" data-e-type=\"widget\" data-widget_type=\"heading.default\">\n\t\t\t\t<div class=\"elementor-widget-container\">\n\t\t\t\t\t<h1 class=\"elementor-heading-title elementor-size-default\">Gesundheit und Wohlbefinden<\/h1>\t\t\t\t<\/div>\n\t\t\t\t<\/div>\n\t\t\t\t\t<\/div>\n\t\t<\/div>\n\t\t\t\t\t<\/div>\n\t\t<\/section>\n\t\t\t\t<section class=\"elementor-section elementor-top-section elementor-element elementor-element-3ce54e34 elementor-section-boxed elementor-section-height-default elementor-section-height-default\" data-id=\"3ce54e34\" data-element_type=\"section\" data-e-type=\"section\">\n\t\t\t\t\t\t<div class=\"elementor-container elementor-column-gap-wider\">\n\t\t\t\t\t<div class=\"elementor-column elementor-col-50 elementor-top-column elementor-element elementor-element-3aafee99\" data-id=\"3aafee99\" data-element_type=\"column\" data-e-type=\"column\">\n\t\t\t<div class=\"elementor-widget-wrap elementor-element-populated\">\n\t\t\t\t\t\t<div class=\"elementor-element elementor-element-7426c30 elementor-widget elementor-widget-text-editor\" data-id=\"7426c30\" data-element_type=\"widget\" data-e-type=\"widget\" data-widget_type=\"text-editor.default\">\n\t\t\t\t<div class=\"elementor-widget-container\">\n\t\t\t\t\t\t\t\t\t<p><span style=\"font-weight: 400;\">Man sch\u00e4tzt die Austern von Arcachon Cap-Ferret nicht nur aufgrund ihres guten Geschmacks, sie wirken sich auch positiv auf unsere Gesundheit aus.&nbsp;<\/span><\/p>\n<p><strong>Ein Grund mehr, sie das ganze Jahr lang zu genie\u00dfen!<\/strong><\/p>\n\t\t\t\t\t\t\t\t<\/div>\n\t\t\t\t<\/div>\n\t\t\t\t<div class=\"elementor-element elementor-element-54d47151 elementor-widget elementor-widget-heading\" data-id=\"54d47151\" data-element_type=\"widget\" data-e-type=\"widget\" data-widget_type=\"heading.default\">\n\t\t\t\t<div class=\"elementor-widget-container\">\n\t\t\t\t\t<h2 class=\"elementor-heading-title elementor-size-default\">Austern st\u00e4rken das Wohlbefinden!<\/h2>\t\t\t\t<\/div>\n\t\t\t\t<\/div>\n\t\t\t\t<div class=\"elementor-element elementor-element-6d3bdf6b elementor-widget elementor-widget-image\" data-id=\"6d3bdf6b\" data-element_type=\"widget\" data-e-type=\"widget\" data-widget_type=\"image.default\">\n\t\t\t\t<div class=\"elementor-widget-container\">\n\t\t\t\t\t\t\t\t\t\t\t\t\t\t\t<img decoding=\"async\" width=\"1\" height=\"1\" src=\"https:\/\/huitres-arcachon-capferret.fr\/wp-content\/uploads\/2021\/03\/1px.png\" class=\"attachment-large size-large wp-image-667\" alt=\"Austern aus L\u00e8ge-Cap-Ferret an der Bucht von Arcachon\" \/>\t\t\t\t\t\t\t\t\t\t\t\t\t\t\t<\/div>\n\t\t\t\t<\/div>\n\t\t\t\t<div class=\"elementor-element elementor-element-28c1a281 elementor-widget elementor-widget-text-editor\" data-id=\"28c1a281\" data-element_type=\"widget\" data-e-type=\"widget\" data-widget_type=\"text-editor.default\">\n\t\t\t\t<div class=\"elementor-widget-container\">\n\t\t\t\t\t\t\t\t\t<p><span style=\"font-weight: 400;\">Man kann die Auster aufgrund ihrer ern\u00e4hrungsphysiologischen Zusammensetzung zu den wertvollsten Lebensmitteln tierischen Ursprungs z\u00e4hlen. Dieses Leichtgewicht liefert s\u00e4mtliche f\u00fcr unseren Stoffwechsel wichtigen Elemente. <br \/>Sie ist ein vollwertiges, st\u00e4rkendes Lebensmittel mit zahlreichen essenziellen N\u00e4hrstoffen: Vitamine (A, D, B1, B2, B3, B5, B6, B12, C), Mineralstoffe (Eisen, Calcium, Phosphor, Magnesium), Spurenelemente, hochwertige Proteine und Omega 3! Ein kalorienarmer Genuss f\u00fcr Gourmets!<\/span><\/p>\n<p><span style=\"font-weight: 400;\">Besonders empfehlenswert ist der Verzehr von Austern f\u00fcr:<\/span><\/p>\n<ul>\n<li style=\"font-weight: 400;\" aria-level=\"1\"><span style=\"font-weight: 400;\">Sportler \u2013 Austern erh\u00f6hen die Leistungsf\u00e4higkeit bei k\u00f6rperlicher Anstrengung und beschleunigen die Regeneration.<\/span><\/li>\n<li style=\"font-weight: 400;\" aria-level=\"1\"><span style=\"font-weight: 400;\">Menschen, die auf ihre Linie achten \u2013 Austern sind kalorienarm. 12 Austern enthalten 67 kcal.<\/span><\/li>\n<li style=\"font-weight: 400;\" aria-level=\"1\"><span style=\"font-weight: 400;\">Menschen mit erh\u00f6htem Cholesterinspiegel \u2013 die guten, in Austern enthaltenen Fette helfen, das schlechte Cholesterin zu senken.<\/span><\/li>\n<li style=\"font-weight: 400;\" aria-level=\"1\"><span style=\"font-weight: 400;\">Die Omega-3-Fetts\u00e4uren tragen dazu bei, Herz-Kreislauf-Erkrankungen vorzubeugen.<\/span><\/li>\n<li style=\"font-weight: 400;\" aria-level=\"1\"><span style=\"font-weight: 400;\">Kommt dem gesamten Organismus zugute.<\/span><\/li>\n<\/ul>\n\t\t\t\t\t\t\t\t<\/div>\n\t\t\t\t<\/div>\n\t\t\t\t\t<\/div>\n\t\t<\/div>\n\t\t\t\t<div class=\"elementor-column elementor-col-50 elementor-top-column elementor-element elementor-element-5a9daf8a\" data-id=\"5a9daf8a\" data-element_type=\"column\" data-e-type=\"column\" data-settings=\"{&quot;background_background&quot;:&quot;classic&quot;}\">\n\t\t\t<div class=\"elementor-widget-wrap elementor-element-populated\">\n\t\t\t\t\t<div class=\"elementor-background-overlay\"><\/div>\n\t\t\t\t\t\t<div class=\"elementor-element elementor-element-6a4667d elementor-widget elementor-widget-image\" data-id=\"6a4667d\" data-element_type=\"widget\" data-e-type=\"widget\" data-widget_type=\"image.default\">\n\t\t\t\t<div class=\"elementor-widget-container\">\n\t\t\t\t\t\t\t\t\t\t\t\t\t\t\t<img fetchpriority=\"high\" decoding=\"async\" width=\"550\" height=\"735\" src=\"https:\/\/huitres-arcachon-capferret.fr\/wp-content\/uploads\/2021\/05\/huitre-sante.jpg\" class=\"attachment-large size-large wp-image-4922\" alt=\"Austern, eine Wohltat f\u00fcr die Gesundheit\" srcset=\"https:\/\/huitres-arcachon-capferret.fr\/wp-content\/uploads\/2021\/05\/huitre-sante.jpg 550w, https:\/\/huitres-arcachon-capferret.fr\/wp-content\/uploads\/2021\/05\/huitre-sante-224x300.jpg.webp 224w\" sizes=\"(max-width: 550px) 100vw, 550px\" \/>\t\t\t\t\t\t\t\t\t\t\t\t\t\t\t<\/div>\n\t\t\t\t<\/div>\n\t\t\t\t\t<\/div>\n\t\t<\/div>\n\t\t\t\t\t<\/div>\n\t\t<\/section>\n\t\t\t\t<section class=\"elementor-section elementor-top-section elementor-element elementor-element-e3195a0 elementor-section-boxed elementor-section-height-default elementor-section-height-default\" data-id=\"e3195a0\" data-element_type=\"section\" data-e-type=\"section\" data-settings=\"{&quot;background_background&quot;:&quot;classic&quot;}\">\n\t\t\t\t\t\t<div class=\"elementor-container elementor-column-gap-wider\">\n\t\t\t\t\t<div class=\"elementor-column elementor-col-50 elementor-top-column elementor-element elementor-element-48b7889\" data-id=\"48b7889\" data-element_type=\"column\" data-e-type=\"column\">\n\t\t\t<div class=\"elementor-widget-wrap elementor-element-populated\">\n\t\t\t\t\t\t<div class=\"elementor-element elementor-element-1a61c56 elementor-widget elementor-widget-heading\" data-id=\"1a61c56\" data-element_type=\"widget\" data-e-type=\"widget\" data-widget_type=\"heading.default\">\n\t\t\t\t<div class=\"elementor-widget-container\">\n\t\t\t\t\t<h2 class=\"elementor-heading-title elementor-size-default\">Die entgiftende Auster f\u00fcr den Tag nach der Party!<\/h2>\t\t\t\t<\/div>\n\t\t\t\t<\/div>\n\t\t\t\t<div class=\"elementor-element elementor-element-b96849d elementor-widget elementor-widget-image\" data-id=\"b96849d\" data-element_type=\"widget\" data-e-type=\"widget\" data-widget_type=\"image.default\">\n\t\t\t\t<div class=\"elementor-widget-container\">\n\t\t\t\t\t\t\t\t\t\t\t\t\t\t\t<img decoding=\"async\" width=\"1\" height=\"1\" src=\"https:\/\/huitres-arcachon-capferret.fr\/wp-content\/uploads\/2021\/03\/1px.png\" class=\"attachment-large size-large wp-image-667\" alt=\"Austern aus L\u00e8ge-Cap-Ferret an der Bucht von Arcachon\" \/>\t\t\t\t\t\t\t\t\t\t\t\t\t\t\t<\/div>\n\t\t\t\t<\/div>\n\t\t\t\t<div class=\"elementor-element elementor-element-c6933cc elementor-widget elementor-widget-text-editor\" data-id=\"c6933cc\" data-element_type=\"widget\" data-e-type=\"widget\" data-widget_type=\"text-editor.default\">\n\t\t\t\t<div class=\"elementor-widget-container\">\n\t\t\t\t\t\t\t\t\t<p><span style=\"font-weight: 400;\">Feiern und sich am n\u00e4chsten Morgen freuen, dass es noch nicht vorbei ist!&nbsp; Die Auster ist ein Geheimtipp zur Entgiftung f\u00fcr den Tag nach der Silvesterparty. Sie bietet ein erfrischendes Genusserlebnis und ist zudem perfekt f\u00fcr eine ausgewogene Ern\u00e4hrung.<\/span><\/p>\n\t\t\t\t\t\t\t\t<\/div>\n\t\t\t\t<\/div>\n\t\t\t\t\t<\/div>\n\t\t<\/div>\n\t\t\t\t<div class=\"elementor-column elementor-col-50 elementor-top-column elementor-element elementor-element-7a42bf4\" data-id=\"7a42bf4\" data-element_type=\"column\" data-e-type=\"column\" data-settings=\"{&quot;background_background&quot;:&quot;classic&quot;}\">\n\t\t\t<div class=\"elementor-widget-wrap elementor-element-populated\">\n\t\t\t\t\t<div class=\"elementor-background-overlay\"><\/div>\n\t\t\t\t\t\t<div class=\"elementor-element elementor-element-de4a38d elementor-widget elementor-widget-text-editor\" data-id=\"de4a38d\" data-element_type=\"widget\" data-e-type=\"widget\" data-widget_type=\"text-editor.default\">\n\t\t\t\t<div class=\"elementor-widget-container\">\n\t\t\t\t\t\t\t\t\t<p>K\u00f6stlich +  von Natur aus gesund \u2013 Kalorien = 68 KCAL F\u00dcR 12 AUSTERN<\/p>\n\t\t\t\t\t\t\t\t<\/div>\n\t\t\t\t<\/div>\n\t\t\t\t\t<\/div>\n\t\t<\/div>\n\t\t\t\t\t<\/div>\n\t\t<\/section>\n\t\t\t\t<\/div>\n\t\t","protected":false},"excerpt":{"rendered":"<p>Gesundheit und Wohlbefinden Man sch\u00e4tzt die Austern von Arcachon Cap-Ferret nicht nur aufgrund ihres guten Geschmacks, sie wirken sich auch positiv auf unsere Gesundheit aus.&nbsp; Ein Grund mehr, sie das ganze Jahr lang zu genie\u00dfen! Austern st\u00e4rken das Wohlbefinden! Man kann die Auster aufgrund ihrer ern\u00e4hrungsphysiologischen Zusammensetzung zu den wertvollsten Lebensmitteln tierischen Ursprungs z\u00e4hlen. Dieses [&hellip;]<\/p>\n","protected":false},"author":1,"featured_media":2859,"parent":0,"menu_order":0,"comment_status":"closed","ping_status":"closed","template":"elementor_header_footer","meta":{"footnotes":""},"class_list":["post-9428","page","type-page","status-publish","has-post-thumbnail","hentry"],"yoast_head":"<!-- This site is optimized with the Yoast SEO plugin v27.4 - https:\/\/yoast.com\/product\/yoast-seo-wordpress\/ -->\n<title>Austern, eine Wohltat f\u00fcr die Gesundheit: Entgiftend: Vitaminreich und kalorienarm<\/title>\n<meta name=\"description\" content=\"Austern sind entgiftende Nahrungsmittel mit sehr wenig Kalorien, die mehr Vitamine als Fleisch oder Fisch bieten, eine Wohltat f\u00fcr die Gesundheit!\" \/>\n<meta name=\"robots\" content=\"index, follow, max-snippet:-1, max-image-preview:large, max-video-preview:-1\" \/>\n<link rel=\"canonical\" href=\"https:\/\/huitres-arcachon-capferret.fr\/de\/die-auster-ein-detox-lebensmittel\/\" \/>\n<meta property=\"og:locale\" content=\"de_DE\" \/>\n<meta property=\"og:type\" content=\"article\" \/>\n<meta property=\"og:title\" content=\"Austern, eine Wohltat f\u00fcr die Gesundheit: Entgiftend: Vitaminreich und kalorienarm\" \/>\n<meta property=\"og:description\" content=\"Austern sind entgiftende Nahrungsmittel mit sehr wenig Kalorien, die mehr Vitamine als Fleisch oder Fisch bieten, eine Wohltat f\u00fcr die Gesundheit!\" \/>\n<meta property=\"og:url\" content=\"https:\/\/huitres-arcachon-capferret.fr\/de\/die-auster-ein-detox-lebensmittel\/\" \/>\n<meta property=\"og:site_name\" content=\"HACF\" \/>\n<meta property=\"article:publisher\" content=\"https:\/\/www.facebook.com\/Les-Hu%c3%aetres-Arcachon-Cap-Ferret-646899868753704\/\" \/>\n<meta property=\"article:modified_time\" content=\"2021-07-16T08:45:08+00:00\" \/>\n<meta property=\"og:image\" content=\"https:\/\/huitres-arcachon-capferret.fr\/wp-content\/uploads\/2021\/04\/huitre-detox.jpg\" \/>\n\t<meta property=\"og:image:width\" content=\"2500\" \/>\n\t<meta property=\"og:image:height\" content=\"936\" \/>\n\t<meta property=\"og:image:type\" content=\"image\/jpeg\" \/>\n<meta name=\"twitter:card\" content=\"summary_large_image\" \/>\n<meta name=\"twitter:site\" content=\"@CRCArcachonAquitaine\" \/>\n<meta name=\"twitter:label1\" content=\"Gesch\u00e4tzte Lesezeit\" \/>\n\t<meta name=\"twitter:data1\" content=\"2\u00a0Minuten\" \/>\n<script type=\"application\/ld+json\" class=\"yoast-schema-graph\">{\"@context\":\"https:\\\/\\\/schema.org\",\"@graph\":[{\"@type\":\"WebPage\",\"@id\":\"https:\\\/\\\/huitres-arcachon-capferret.fr\\\/de\\\/die-auster-ein-detox-lebensmittel\\\/\",\"url\":\"https:\\\/\\\/huitres-arcachon-capferret.fr\\\/de\\\/die-auster-ein-detox-lebensmittel\\\/\",\"name\":\"Austern, eine Wohltat f\u00fcr die Gesundheit: Entgiftend: Vitaminreich und kalorienarm\",\"isPartOf\":{\"@id\":\"https:\\\/\\\/huitres-arcachon-capferret.fr\\\/#website\"},\"primaryImageOfPage\":{\"@id\":\"https:\\\/\\\/huitres-arcachon-capferret.fr\\\/de\\\/die-auster-ein-detox-lebensmittel\\\/#primaryimage\"},\"image\":{\"@id\":\"https:\\\/\\\/huitres-arcachon-capferret.fr\\\/de\\\/die-auster-ein-detox-lebensmittel\\\/#primaryimage\"},\"thumbnailUrl\":\"https:\\\/\\\/huitres-arcachon-capferret.fr\\\/wp-content\\\/uploads\\\/2021\\\/04\\\/huitre-detox.jpg\",\"datePublished\":\"2021-07-14T15:14:18+00:00\",\"dateModified\":\"2021-07-16T08:45:08+00:00\",\"description\":\"Austern sind entgiftende Nahrungsmittel mit sehr wenig Kalorien, die mehr Vitamine als Fleisch oder Fisch bieten, eine Wohltat f\u00fcr die Gesundheit!\",\"inLanguage\":\"de\",\"potentialAction\":[{\"@type\":\"ReadAction\",\"target\":[\"https:\\\/\\\/huitres-arcachon-capferret.fr\\\/de\\\/die-auster-ein-detox-lebensmittel\\\/\"]}]},{\"@type\":\"ImageObject\",\"inLanguage\":\"de\",\"@id\":\"https:\\\/\\\/huitres-arcachon-capferret.fr\\\/de\\\/die-auster-ein-detox-lebensmittel\\\/#primaryimage\",\"url\":\"https:\\\/\\\/huitres-arcachon-capferret.fr\\\/wp-content\\\/uploads\\\/2021\\\/04\\\/huitre-detox.jpg\",\"contentUrl\":\"https:\\\/\\\/huitres-arcachon-capferret.fr\\\/wp-content\\\/uploads\\\/2021\\\/04\\\/huitre-detox.jpg\",\"width\":2500,\"height\":936,\"caption\":\"Die Auster, ein Detox-Lebensmittel\"},{\"@type\":\"WebSite\",\"@id\":\"https:\\\/\\\/huitres-arcachon-capferret.fr\\\/#website\",\"url\":\"https:\\\/\\\/huitres-arcachon-capferret.fr\\\/\",\"name\":\"HACF\",\"description\":\"Huitres Arcachon Cap Ferret\",\"publisher\":{\"@id\":\"https:\\\/\\\/huitres-arcachon-capferret.fr\\\/#organization\"},\"potentialAction\":[{\"@type\":\"SearchAction\",\"target\":{\"@type\":\"EntryPoint\",\"urlTemplate\":\"https:\\\/\\\/huitres-arcachon-capferret.fr\\\/?s={search_term_string}\"},\"query-input\":{\"@type\":\"PropertyValueSpecification\",\"valueRequired\":true,\"valueName\":\"search_term_string\"}}],\"inLanguage\":\"de\"},{\"@type\":\"Organization\",\"@id\":\"https:\\\/\\\/huitres-arcachon-capferret.fr\\\/#organization\",\"name\":\"CRCAA\",\"url\":\"https:\\\/\\\/huitres-arcachon-capferret.fr\\\/\",\"logo\":{\"@type\":\"ImageObject\",\"inLanguage\":\"de\",\"@id\":\"https:\\\/\\\/huitres-arcachon-capferret.fr\\\/#\\\/schema\\\/logo\\\/image\\\/\",\"url\":\"https:\\\/\\\/huitres-arcachon-capferret.fr\\\/wp-content\\\/uploads\\\/2022\\\/12\\\/Logo_HACF_2022_Blanc-Trans.png\",\"contentUrl\":\"https:\\\/\\\/huitres-arcachon-capferret.fr\\\/wp-content\\\/uploads\\\/2022\\\/12\\\/Logo_HACF_2022_Blanc-Trans.png\",\"width\":3544,\"height\":3544,\"caption\":\"CRCAA\"},\"image\":{\"@id\":\"https:\\\/\\\/huitres-arcachon-capferret.fr\\\/#\\\/schema\\\/logo\\\/image\\\/\"},\"sameAs\":[\"https:\\\/\\\/www.facebook.com\\\/Les-Hu\u00eetres-Arcachon-Cap-Ferret-646899868753704\\\/\",\"https:\\\/\\\/x.com\\\/CRCArcachonAquitaine\",\"https:\\\/\\\/www.instagram.com\\\/bassindarcachon\\\/\",\"https:\\\/\\\/www.youtube.com\\\/channel\\\/UC4DHB2nINn37sWqLMa6CDTg\"]}]}<\/script>\n<!-- \/ Yoast SEO plugin. -->","yoast_head_json":{"title":"Austern, eine Wohltat f\u00fcr die Gesundheit: Entgiftend: Vitaminreich und kalorienarm","description":"Austern sind entgiftende Nahrungsmittel mit sehr wenig Kalorien, die mehr Vitamine als Fleisch oder Fisch bieten, eine Wohltat f\u00fcr die Gesundheit!","robots":{"index":"index","follow":"follow","max-snippet":"max-snippet:-1","max-image-preview":"max-image-preview:large","max-video-preview":"max-video-preview:-1"},"canonical":"https:\/\/huitres-arcachon-capferret.fr\/de\/die-auster-ein-detox-lebensmittel\/","og_locale":"de_DE","og_type":"article","og_title":"Austern, eine Wohltat f\u00fcr die Gesundheit: Entgiftend: Vitaminreich und kalorienarm","og_description":"Austern sind entgiftende Nahrungsmittel mit sehr wenig Kalorien, die mehr Vitamine als Fleisch oder Fisch bieten, eine Wohltat f\u00fcr die Gesundheit!","og_url":"https:\/\/huitres-arcachon-capferret.fr\/de\/die-auster-ein-detox-lebensmittel\/","og_site_name":"HACF","article_publisher":"https:\/\/www.facebook.com\/Les-Hu%c3%aetres-Arcachon-Cap-Ferret-646899868753704\/","article_modified_time":"2021-07-16T08:45:08+00:00","og_image":[{"width":2500,"height":936,"url":"https:\/\/huitres-arcachon-capferret.fr\/wp-content\/uploads\/2021\/04\/huitre-detox.jpg","type":"image\/jpeg"}],"twitter_card":"summary_large_image","twitter_site":"@CRCArcachonAquitaine","twitter_misc":{"Gesch\u00e4tzte Lesezeit":"2\u00a0Minuten"},"schema":{"@context":"https:\/\/schema.org","@graph":[{"@type":"WebPage","@id":"https:\/\/huitres-arcachon-capferret.fr\/de\/die-auster-ein-detox-lebensmittel\/","url":"https:\/\/huitres-arcachon-capferret.fr\/de\/die-auster-ein-detox-lebensmittel\/","name":"Austern, eine Wohltat f\u00fcr die Gesundheit: Entgiftend: Vitaminreich und kalorienarm","isPartOf":{"@id":"https:\/\/huitres-arcachon-capferret.fr\/#website"},"primaryImageOfPage":{"@id":"https:\/\/huitres-arcachon-capferret.fr\/de\/die-auster-ein-detox-lebensmittel\/#primaryimage"},"image":{"@id":"https:\/\/huitres-arcachon-capferret.fr\/de\/die-auster-ein-detox-lebensmittel\/#primaryimage"},"thumbnailUrl":"https:\/\/huitres-arcachon-capferret.fr\/wp-content\/uploads\/2021\/04\/huitre-detox.jpg","datePublished":"2021-07-14T15:14:18+00:00","dateModified":"2021-07-16T08:45:08+00:00","description":"Austern sind entgiftende Nahrungsmittel mit sehr wenig Kalorien, die mehr Vitamine als Fleisch oder Fisch bieten, eine Wohltat f\u00fcr die Gesundheit!","inLanguage":"de","potentialAction":[{"@type":"ReadAction","target":["https:\/\/huitres-arcachon-capferret.fr\/de\/die-auster-ein-detox-lebensmittel\/"]}]},{"@type":"ImageObject","inLanguage":"de","@id":"https:\/\/huitres-arcachon-capferret.fr\/de\/die-auster-ein-detox-lebensmittel\/#primaryimage","url":"https:\/\/huitres-arcachon-capferret.fr\/wp-content\/uploads\/2021\/04\/huitre-detox.jpg","contentUrl":"https:\/\/huitres-arcachon-capferret.fr\/wp-content\/uploads\/2021\/04\/huitre-detox.jpg","width":2500,"height":936,"caption":"Die Auster, ein Detox-Lebensmittel"},{"@type":"WebSite","@id":"https:\/\/huitres-arcachon-capferret.fr\/#website","url":"https:\/\/huitres-arcachon-capferret.fr\/","name":"HACF","description":"Huitres Arcachon Cap Ferret","publisher":{"@id":"https:\/\/huitres-arcachon-capferret.fr\/#organization"},"potentialAction":[{"@type":"SearchAction","target":{"@type":"EntryPoint","urlTemplate":"https:\/\/huitres-arcachon-capferret.fr\/?s={search_term_string}"},"query-input":{"@type":"PropertyValueSpecification","valueRequired":true,"valueName":"search_term_string"}}],"inLanguage":"de"},{"@type":"Organization","@id":"https:\/\/huitres-arcachon-capferret.fr\/#organization","name":"CRCAA","url":"https:\/\/huitres-arcachon-capferret.fr\/","logo":{"@type":"ImageObject","inLanguage":"de","@id":"https:\/\/huitres-arcachon-capferret.fr\/#\/schema\/logo\/image\/","url":"https:\/\/huitres-arcachon-capferret.fr\/wp-content\/uploads\/2022\/12\/Logo_HACF_2022_Blanc-Trans.png","contentUrl":"https:\/\/huitres-arcachon-capferret.fr\/wp-content\/uploads\/2022\/12\/Logo_HACF_2022_Blanc-Trans.png","width":3544,"height":3544,"caption":"CRCAA"},"image":{"@id":"https:\/\/huitres-arcachon-capferret.fr\/#\/schema\/logo\/image\/"},"sameAs":["https:\/\/www.facebook.com\/Les-Hu\u00eetres-Arcachon-Cap-Ferret-646899868753704\/","https:\/\/x.com\/CRCArcachonAquitaine","https:\/\/www.instagram.com\/bassindarcachon\/","https:\/\/www.youtube.com\/channel\/UC4DHB2nINn37sWqLMa6CDTg"]}]}},"_links":{"self":[{"href":"https:\/\/huitres-arcachon-capferret.fr\/de\/wp-json\/wp\/v2\/pages\/9428","targetHints":{"allow":["GET"]}}],"collection":[{"href":"https:\/\/huitres-arcachon-capferret.fr\/de\/wp-json\/wp\/v2\/pages"}],"about":[{"href":"https:\/\/huitres-arcachon-capferret.fr\/de\/wp-json\/wp\/v2\/types\/page"}],"author":[{"embeddable":true,"href":"https:\/\/huitres-arcachon-capferret.fr\/de\/wp-json\/wp\/v2\/users\/1"}],"replies":[{"embeddable":true,"href":"https:\/\/huitres-arcachon-capferret.fr\/de\/wp-json\/wp\/v2\/comments?post=9428"}],"version-history":[{"count":0,"href":"https:\/\/huitres-arcachon-capferret.fr\/de\/wp-json\/wp\/v2\/pages\/9428\/revisions"}],"wp:featuredmedia":[{"embeddable":true,"href":"https:\/\/huitres-arcachon-capferret.fr\/de\/wp-json\/wp\/v2\/media\/2859"}],"wp:attachment":[{"href":"https:\/\/huitres-arcachon-capferret.fr\/de\/wp-json\/wp\/v2\/media?parent=9428"}],"curies":[{"name":"wp","href":"https:\/\/api.w.org\/{rel}","templated":true}]}}