{"id":9581,"date":"2021-08-10T16:58:43","date_gmt":"2021-08-10T15:58:43","guid":{"rendered":"https:\/\/huitres-arcachon-capferret.fr\/die-auster-unter-kontrolle\/"},"modified":"2021-08-10T16:58:53","modified_gmt":"2021-08-10T15:58:53","slug":"die-auster-unter-kontrolle","status":"publish","type":"page","link":"https:\/\/huitres-arcachon-capferret.fr\/de\/die-auster-unter-kontrolle\/","title":{"rendered":"die Auster unter Kontrolle"},"content":{"rendered":"\t\t<div data-elementor-type=\"wp-page\" data-elementor-id=\"9581\" class=\"elementor elementor-9581 elementor-651\" data-elementor-post-type=\"page\">\n\t\t\t\t\t\t<section class=\"elementor-section elementor-top-section elementor-element elementor-element-7bf6c45f elementor-section-full_width elementor-section-height-default elementor-section-height-default\" data-id=\"7bf6c45f\" data-element_type=\"section\" data-e-type=\"section\" data-settings=\"{&quot;background_background&quot;:&quot;classic&quot;}\">\n\t\t\t\t\t\t<div class=\"elementor-container elementor-column-gap-default\">\n\t\t\t\t\t<div class=\"elementor-column elementor-col-100 elementor-top-column elementor-element elementor-element-3070ed9\" data-id=\"3070ed9\" data-element_type=\"column\" data-e-type=\"column\">\n\t\t\t<div class=\"elementor-widget-wrap elementor-element-populated\">\n\t\t\t\t\t\t<div class=\"elementor-element elementor-element-6675b5ec elementor-widget__width-auto elementor-widget elementor-widget-heading\" data-id=\"6675b5ec\" data-element_type=\"widget\" data-e-type=\"widget\" data-widget_type=\"heading.default\">\n\t\t\t\t<div class=\"elementor-widget-container\">\n\t\t\t\t\t<h1 class=\"elementor-heading-title elementor-size-default\">Die Auster unter Kontrolle<\/h1>\t\t\t\t<\/div>\n\t\t\t\t<\/div>\n\t\t\t\t\t<\/div>\n\t\t<\/div>\n\t\t\t\t\t<\/div>\n\t\t<\/section>\n\t\t\t\t<section class=\"elementor-section elementor-top-section elementor-element elementor-element-e3620d8 elementor-section-boxed elementor-section-height-default elementor-section-height-default\" data-id=\"e3620d8\" data-element_type=\"section\" data-e-type=\"section\">\n\t\t\t\t\t\t<div class=\"elementor-container elementor-column-gap-wider\">\n\t\t\t\t\t<div class=\"elementor-column elementor-col-50 elementor-top-column elementor-element elementor-element-1ef83e0\" data-id=\"1ef83e0\" data-element_type=\"column\" data-e-type=\"column\">\n\t\t\t<div class=\"elementor-widget-wrap elementor-element-populated\">\n\t\t\t\t\t\t<div class=\"elementor-element elementor-element-1d792e1 elementor-widget elementor-widget-heading\" data-id=\"1d792e1\" data-element_type=\"widget\" data-e-type=\"widget\" data-widget_type=\"heading.default\">\n\t\t\t\t<div class=\"elementor-widget-container\">\n\t\t\t\t\t<h2 class=\"elementor-heading-title elementor-size-default\">Die Wasserqualit\u00e4t<\/h2>\t\t\t\t<\/div>\n\t\t\t\t<\/div>\n\t\t\t\t<div class=\"elementor-element elementor-element-0135988 elementor-widget elementor-widget-image\" data-id=\"0135988\" data-element_type=\"widget\" data-e-type=\"widget\" data-widget_type=\"image.default\">\n\t\t\t\t<div class=\"elementor-widget-container\">\n\t\t\t\t\t\t\t\t\t\t\t\t\t\t\t<img decoding=\"async\" width=\"1\" height=\"1\" src=\"https:\/\/huitres-arcachon-capferret.fr\/wp-content\/uploads\/2021\/03\/1px.png\" class=\"attachment-large size-large wp-image-667\" alt=\"Austern aus L\u00e8ge-Cap-Ferret an der Bucht von Arcachon\" \/>\t\t\t\t\t\t\t\t\t\t\t\t\t\t\t<\/div>\n\t\t\t\t<\/div>\n\t\t\t\t<div class=\"elementor-element elementor-element-26a6c4f elementor-widget elementor-widget-text-editor\" data-id=\"26a6c4f\" data-element_type=\"widget\" data-e-type=\"widget\" data-widget_type=\"text-editor.default\">\n\t\t\t\t<div class=\"elementor-widget-container\">\n\t\t\t\t\t\t\t\t\t<p>In Frankreich werden die Erzeugungs- und Umsetzungsgebiete f\u00fcr lebende Muscheln von der Beh\u00f6rde gem\u00e4\u00df den Ergebnissen einer Hygienestudie, der sogenannten Gebietsstudie, eingestuft. Diese Klassifizierung legt 4 Stufen der Hygiene und der Wasserqualit\u00e4t fest (A, B, C und D) (vgl. Verordnung vom 21. Mai 1999 \u00fcber die Genusstauglichkeitseinstufung und \u00dcberwachung von Erzeugungs- und Umsetzungsgebieten f\u00fcr lebende Muscheln).<\/p>\n<p>Die Bucht von Arcachon verf\u00fcgt nur \u00fcber Gebiete, die mit A (f\u00fcr etwa 80 %) oder B (verbleibende 20 %) eingestuft wurden. Die in Zone B eingestuften Gebiete der Austernparks beziehen sich nur auf Parks, die der Gewinnung von Jungmuscheln gewidmet sind und aus denen kommerziellen Austern nicht direkt gewonnen werden.<\/p>\n<p>Um vermarktet werden zu k\u00f6nnen, werden die Austern mehrere Monate lang in Parks der Klasse A mit einer herausragenden Wasserqualit\u00e4t platziert.<\/p>\n\t\t\t\t\t\t\t\t<\/div>\n\t\t\t\t<\/div>\n\t\t\t\t\t<\/div>\n\t\t<\/div>\n\t\t\t\t<div class=\"elementor-column elementor-col-50 elementor-top-column elementor-element elementor-element-23d24e0\" data-id=\"23d24e0\" data-element_type=\"column\" data-e-type=\"column\" data-settings=\"{&quot;background_background&quot;:&quot;classic&quot;}\">\n\t\t\t<div class=\"elementor-widget-wrap elementor-element-populated\">\n\t\t\t\t\t<div class=\"elementor-background-overlay\"><\/div>\n\t\t\t\t\t\t<div class=\"elementor-element elementor-element-9695a30 elementor-widget elementor-widget-image\" data-id=\"9695a30\" data-element_type=\"widget\" data-e-type=\"widget\" data-widget_type=\"image.default\">\n\t\t\t\t<div class=\"elementor-widget-container\">\n\t\t\t\t\t\t\t\t\t\t\t\t\t\t\t<img fetchpriority=\"high\" decoding=\"async\" width=\"550\" height=\"413\" src=\"https:\/\/huitres-arcachon-capferret.fr\/wp-content\/uploads\/2021\/04\/qualite-eaux.jpg\" class=\"attachment-large size-large wp-image-3477\" alt=\"Kontrollen und Tests der Wasserqualit\u00e4t\" srcset=\"https:\/\/huitres-arcachon-capferret.fr\/wp-content\/uploads\/2021\/04\/qualite-eaux.jpg 550w, https:\/\/huitres-arcachon-capferret.fr\/wp-content\/uploads\/2021\/04\/qualite-eaux-300x225.jpg 300w, https:\/\/huitres-arcachon-capferret.fr\/wp-content\/uploads\/2021\/04\/qualite-eaux-500x375.jpg 500w\" sizes=\"(max-width: 550px) 100vw, 550px\" \/>\t\t\t\t\t\t\t\t\t\t\t\t\t\t\t<\/div>\n\t\t\t\t<\/div>\n\t\t\t\t\t<\/div>\n\t\t<\/div>\n\t\t\t\t\t<\/div>\n\t\t<\/section>\n\t\t\t\t<section class=\"elementor-section elementor-top-section elementor-element elementor-element-00feb26 elementor-section-boxed elementor-section-height-default elementor-section-height-default\" data-id=\"00feb26\" data-element_type=\"section\" data-e-type=\"section\" data-settings=\"{&quot;background_background&quot;:&quot;classic&quot;}\">\n\t\t\t\t\t\t<div class=\"elementor-container elementor-column-gap-wider\">\n\t\t\t\t\t<div class=\"elementor-column elementor-col-50 elementor-top-column elementor-element elementor-element-e02f29f\" data-id=\"e02f29f\" data-element_type=\"column\" data-e-type=\"column\">\n\t\t\t<div class=\"elementor-widget-wrap elementor-element-populated\">\n\t\t\t\t\t\t<div class=\"elementor-element elementor-element-5ad190d3 elementor-widget elementor-widget-heading\" data-id=\"5ad190d3\" data-element_type=\"widget\" data-e-type=\"widget\" data-widget_type=\"heading.default\">\n\t\t\t\t<div class=\"elementor-widget-container\">\n\t\t\t\t\t<h2 class=\"elementor-heading-title elementor-size-default\">Die Auster in ihrem Park und in der H\u00fctte <\/h2>\t\t\t\t<\/div>\n\t\t\t\t<\/div>\n\t\t\t\t<div class=\"elementor-element elementor-element-9e72e8f elementor-widget elementor-widget-image\" data-id=\"9e72e8f\" data-element_type=\"widget\" data-e-type=\"widget\" data-widget_type=\"image.default\">\n\t\t\t\t<div class=\"elementor-widget-container\">\n\t\t\t\t\t\t\t\t\t\t\t\t\t\t\t<img decoding=\"async\" width=\"1\" height=\"1\" src=\"https:\/\/huitres-arcachon-capferret.fr\/wp-content\/uploads\/2021\/03\/1px.png\" class=\"attachment-large size-large wp-image-667\" alt=\"Austern aus L\u00e8ge-Cap-Ferret an der Bucht von Arcachon\" \/>\t\t\t\t\t\t\t\t\t\t\t\t\t\t\t<\/div>\n\t\t\t\t<\/div>\n\t\t\t\t<div class=\"elementor-element elementor-element-9e96190 elementor-widget elementor-widget-text-editor\" data-id=\"9e96190\" data-element_type=\"widget\" data-e-type=\"widget\" data-widget_type=\"text-editor.default\">\n\t\t\t\t<div class=\"elementor-widget-container\">\n\t\t\t\t\t\t\t\t\t<p><strong>Die GDSOA &#8211; Groupement de D\u00e9fense Sanitaire Ostr\u00e9icole Aquitain &#8211; als fachkundiger Kontrolleur<\/strong><\/p>\n\t\t\t\t\t\t\t\t<\/div>\n\t\t\t\t<\/div>\n\t\t\t\t<div class=\"elementor-element elementor-element-2da54422 elementor-widget elementor-widget-text-editor\" data-id=\"2da54422\" data-element_type=\"widget\" data-e-type=\"widget\" data-widget_type=\"text-editor.default\">\n\t\t\t\t<div class=\"elementor-widget-container\">\n\t\t\t\t\t\t\t\t\t<p>Mit der Einrichtung der GDSOA im Januar 2012 hat sich das Comit\u00e9 R\u00e9gional de la Conchyliculture Arcachon Aquitaine (dt. Regionaler Muschelzuchtausschuss von Arcachon der Region Aquitanien) dazu entschlossen, sich st\u00e4rker in den Systemen zur Gesundheits\u00fcberwachung einzubringen.<\/p>\n<p>Mit dieser beispiellosen Initiative, der ersten ihrer Art in Frankreich, soll der Entwicklung der Gesundheitsstandards f\u00fcr Austernzuchtbetriebe sowie der immer anspruchsvolleren Erwartungen der Verbraucher und der kleinen und mittleren Unternehmen (KMU) bestm\u00f6glich Rechnung getragen und sich den neuen Aufgaben der Veterin\u00e4rdienste gestellt werden, die nicht mehr mit der Beratung der Erzeuger betraut sind.<\/p>\n\t\t\t\t\t\t\t\t<\/div>\n\t\t\t\t<\/div>\n\t\t\t\t\t<\/div>\n\t\t<\/div>\n\t\t\t\t<div class=\"elementor-column elementor-col-50 elementor-top-column elementor-element elementor-element-30cc7d2\" data-id=\"30cc7d2\" data-element_type=\"column\" data-e-type=\"column\" data-settings=\"{&quot;background_background&quot;:&quot;classic&quot;}\">\n\t\t\t<div class=\"elementor-widget-wrap elementor-element-populated\">\n\t\t\t\t\t<div class=\"elementor-background-overlay\"><\/div>\n\t\t\t\t\t\t<div class=\"elementor-element elementor-element-3baa8f53 elementor-widget elementor-widget-image\" data-id=\"3baa8f53\" data-element_type=\"widget\" data-e-type=\"widget\" data-widget_type=\"image.default\">\n\t\t\t\t<div class=\"elementor-widget-container\">\n\t\t\t\t\t\t\t\t\t\t\t\t\t\t\t<img decoding=\"async\" width=\"550\" height=\"413\" src=\"https:\/\/huitres-arcachon-capferret.fr\/wp-content\/uploads\/2021\/04\/parc-huitre.jpg\" class=\"attachment-large size-large wp-image-3481\" alt=\"Austernpark der Spitzenklasse\" srcset=\"https:\/\/huitres-arcachon-capferret.fr\/wp-content\/uploads\/2021\/04\/parc-huitre.jpg 550w, https:\/\/huitres-arcachon-capferret.fr\/wp-content\/uploads\/2021\/04\/parc-huitre-300x225.jpg 300w, https:\/\/huitres-arcachon-capferret.fr\/wp-content\/uploads\/2021\/04\/parc-huitre-500x375.jpg 500w\" sizes=\"(max-width: 550px) 100vw, 550px\" \/>\t\t\t\t\t\t\t\t\t\t\t\t\t\t\t<\/div>\n\t\t\t\t<\/div>\n\t\t\t\t\t<\/div>\n\t\t<\/div>\n\t\t\t\t\t<\/div>\n\t\t<\/section>\n\t\t\t\t<\/div>\n\t\t","protected":false},"excerpt":{"rendered":"<p>Die Auster unter Kontrolle Die Wasserqualit\u00e4t In Frankreich werden die Erzeugungs- und Umsetzungsgebiete f\u00fcr lebende Muscheln von der Beh\u00f6rde gem\u00e4\u00df den Ergebnissen einer Hygienestudie, der sogenannten Gebietsstudie, eingestuft. Diese Klassifizierung legt 4 Stufen der Hygiene und der Wasserqualit\u00e4t fest (A, B, C und D) (vgl. Verordnung vom 21. Mai 1999 \u00fcber die Genusstauglichkeitseinstufung und \u00dcberwachung [&hellip;]<\/p>\n","protected":false},"author":1,"featured_media":3472,"parent":0,"menu_order":0,"comment_status":"closed","ping_status":"closed","template":"elementor_header_footer","meta":{"footnotes":""},"class_list":["post-9581","page","type-page","status-publish","has-post-thumbnail","hentry"],"yoast_head":"<!-- This site is optimized with the Yoast SEO plugin v27.4 - https:\/\/yoast.com\/product\/yoast-seo-wordpress\/ -->\n<title>Hygienekontrollen bei Austern aus der Bucht von Arcachon und dem Cap Ferret<\/title>\n<meta name=\"description\" content=\"Die Kontrolle der Austern, der Wasserqualit\u00e4t, der Austernparks und der H\u00fctten der Austernz\u00fcchter ist eine Garantie f\u00fcr die Gesundheits\u00fcberwachung von Austernzuchtbetrieben.\" \/>\n<meta name=\"robots\" content=\"index, follow, max-snippet:-1, max-image-preview:large, max-video-preview:-1\" \/>\n<link rel=\"canonical\" href=\"https:\/\/huitres-arcachon-capferret.fr\/de\/die-auster-unter-kontrolle\/\" \/>\n<meta property=\"og:locale\" content=\"de_DE\" \/>\n<meta property=\"og:type\" content=\"article\" \/>\n<meta property=\"og:title\" content=\"Hygienekontrollen bei Austern aus der Bucht von Arcachon und dem Cap Ferret\" \/>\n<meta property=\"og:description\" content=\"Die Kontrolle der Austern, der Wasserqualit\u00e4t, der Austernparks und der H\u00fctten der Austernz\u00fcchter ist eine Garantie f\u00fcr die Gesundheits\u00fcberwachung von Austernzuchtbetrieben.\" \/>\n<meta property=\"og:url\" content=\"https:\/\/huitres-arcachon-capferret.fr\/de\/die-auster-unter-kontrolle\/\" \/>\n<meta property=\"og:site_name\" content=\"HACF\" \/>\n<meta property=\"article:publisher\" content=\"https:\/\/www.facebook.com\/Les-Hu%c3%aetres-Arcachon-Cap-Ferret-646899868753704\/\" \/>\n<meta property=\"article:modified_time\" content=\"2021-08-10T15:58:53+00:00\" \/>\n<meta property=\"og:image\" content=\"https:\/\/huitres-arcachon-capferret.fr\/wp-content\/uploads\/2021\/04\/huitre-sous-controle.jpg\" \/>\n\t<meta property=\"og:image:width\" content=\"2500\" \/>\n\t<meta property=\"og:image:height\" content=\"936\" \/>\n\t<meta property=\"og:image:type\" content=\"image\/jpeg\" \/>\n<meta name=\"twitter:card\" content=\"summary_large_image\" \/>\n<meta name=\"twitter:site\" content=\"@CRCArcachonAquitaine\" \/>\n<meta name=\"twitter:label1\" content=\"Gesch\u00e4tzte Lesezeit\" \/>\n\t<meta name=\"twitter:data1\" content=\"1\u00a0Minute\" \/>\n<script type=\"application\/ld+json\" class=\"yoast-schema-graph\">{\"@context\":\"https:\\\/\\\/schema.org\",\"@graph\":[{\"@type\":\"WebPage\",\"@id\":\"https:\\\/\\\/huitres-arcachon-capferret.fr\\\/de\\\/die-auster-unter-kontrolle\\\/\",\"url\":\"https:\\\/\\\/huitres-arcachon-capferret.fr\\\/de\\\/die-auster-unter-kontrolle\\\/\",\"name\":\"Hygienekontrollen bei Austern aus der Bucht von Arcachon und dem Cap Ferret\",\"isPartOf\":{\"@id\":\"https:\\\/\\\/huitres-arcachon-capferret.fr\\\/#website\"},\"primaryImageOfPage\":{\"@id\":\"https:\\\/\\\/huitres-arcachon-capferret.fr\\\/de\\\/die-auster-unter-kontrolle\\\/#primaryimage\"},\"image\":{\"@id\":\"https:\\\/\\\/huitres-arcachon-capferret.fr\\\/de\\\/die-auster-unter-kontrolle\\\/#primaryimage\"},\"thumbnailUrl\":\"https:\\\/\\\/huitres-arcachon-capferret.fr\\\/wp-content\\\/uploads\\\/2021\\\/04\\\/huitre-sous-controle.jpg\",\"datePublished\":\"2021-08-10T15:58:43+00:00\",\"dateModified\":\"2021-08-10T15:58:53+00:00\",\"description\":\"Die Kontrolle der Austern, der Wasserqualit\u00e4t, der Austernparks und der H\u00fctten der Austernz\u00fcchter ist eine Garantie f\u00fcr die Gesundheits\u00fcberwachung von Austernzuchtbetrieben.\",\"inLanguage\":\"de\",\"potentialAction\":[{\"@type\":\"ReadAction\",\"target\":[\"https:\\\/\\\/huitres-arcachon-capferret.fr\\\/de\\\/die-auster-unter-kontrolle\\\/\"]}]},{\"@type\":\"ImageObject\",\"inLanguage\":\"de\",\"@id\":\"https:\\\/\\\/huitres-arcachon-capferret.fr\\\/de\\\/die-auster-unter-kontrolle\\\/#primaryimage\",\"url\":\"https:\\\/\\\/huitres-arcachon-capferret.fr\\\/wp-content\\\/uploads\\\/2021\\\/04\\\/huitre-sous-controle.jpg\",\"contentUrl\":\"https:\\\/\\\/huitres-arcachon-capferret.fr\\\/wp-content\\\/uploads\\\/2021\\\/04\\\/huitre-sous-controle.jpg\",\"width\":2500,\"height\":936,\"caption\":\"Die Auster unter Kontrolle\"},{\"@type\":\"WebSite\",\"@id\":\"https:\\\/\\\/huitres-arcachon-capferret.fr\\\/#website\",\"url\":\"https:\\\/\\\/huitres-arcachon-capferret.fr\\\/\",\"name\":\"HACF\",\"description\":\"Huitres Arcachon Cap Ferret\",\"publisher\":{\"@id\":\"https:\\\/\\\/huitres-arcachon-capferret.fr\\\/#organization\"},\"potentialAction\":[{\"@type\":\"SearchAction\",\"target\":{\"@type\":\"EntryPoint\",\"urlTemplate\":\"https:\\\/\\\/huitres-arcachon-capferret.fr\\\/?s={search_term_string}\"},\"query-input\":{\"@type\":\"PropertyValueSpecification\",\"valueRequired\":true,\"valueName\":\"search_term_string\"}}],\"inLanguage\":\"de\"},{\"@type\":\"Organization\",\"@id\":\"https:\\\/\\\/huitres-arcachon-capferret.fr\\\/#organization\",\"name\":\"CRCAA\",\"url\":\"https:\\\/\\\/huitres-arcachon-capferret.fr\\\/\",\"logo\":{\"@type\":\"ImageObject\",\"inLanguage\":\"de\",\"@id\":\"https:\\\/\\\/huitres-arcachon-capferret.fr\\\/#\\\/schema\\\/logo\\\/image\\\/\",\"url\":\"https:\\\/\\\/huitres-arcachon-capferret.fr\\\/wp-content\\\/uploads\\\/2022\\\/12\\\/Logo_HACF_2022_Blanc-Trans.png\",\"contentUrl\":\"https:\\\/\\\/huitres-arcachon-capferret.fr\\\/wp-content\\\/uploads\\\/2022\\\/12\\\/Logo_HACF_2022_Blanc-Trans.png\",\"width\":3544,\"height\":3544,\"caption\":\"CRCAA\"},\"image\":{\"@id\":\"https:\\\/\\\/huitres-arcachon-capferret.fr\\\/#\\\/schema\\\/logo\\\/image\\\/\"},\"sameAs\":[\"https:\\\/\\\/www.facebook.com\\\/Les-Hu\u00eetres-Arcachon-Cap-Ferret-646899868753704\\\/\",\"https:\\\/\\\/x.com\\\/CRCArcachonAquitaine\",\"https:\\\/\\\/www.instagram.com\\\/bassindarcachon\\\/\",\"https:\\\/\\\/www.youtube.com\\\/channel\\\/UC4DHB2nINn37sWqLMa6CDTg\"]}]}<\/script>\n<!-- \/ Yoast SEO plugin. -->","yoast_head_json":{"title":"Hygienekontrollen bei Austern aus der Bucht von Arcachon und dem Cap Ferret","description":"Die Kontrolle der Austern, der Wasserqualit\u00e4t, der Austernparks und der H\u00fctten der Austernz\u00fcchter ist eine Garantie f\u00fcr die Gesundheits\u00fcberwachung von Austernzuchtbetrieben.","robots":{"index":"index","follow":"follow","max-snippet":"max-snippet:-1","max-image-preview":"max-image-preview:large","max-video-preview":"max-video-preview:-1"},"canonical":"https:\/\/huitres-arcachon-capferret.fr\/de\/die-auster-unter-kontrolle\/","og_locale":"de_DE","og_type":"article","og_title":"Hygienekontrollen bei Austern aus der Bucht von Arcachon und dem Cap Ferret","og_description":"Die Kontrolle der Austern, der Wasserqualit\u00e4t, der Austernparks und der H\u00fctten der Austernz\u00fcchter ist eine Garantie f\u00fcr die Gesundheits\u00fcberwachung von Austernzuchtbetrieben.","og_url":"https:\/\/huitres-arcachon-capferret.fr\/de\/die-auster-unter-kontrolle\/","og_site_name":"HACF","article_publisher":"https:\/\/www.facebook.com\/Les-Hu%c3%aetres-Arcachon-Cap-Ferret-646899868753704\/","article_modified_time":"2021-08-10T15:58:53+00:00","og_image":[{"width":2500,"height":936,"url":"https:\/\/huitres-arcachon-capferret.fr\/wp-content\/uploads\/2021\/04\/huitre-sous-controle.jpg","type":"image\/jpeg"}],"twitter_card":"summary_large_image","twitter_site":"@CRCArcachonAquitaine","twitter_misc":{"Gesch\u00e4tzte Lesezeit":"1\u00a0Minute"},"schema":{"@context":"https:\/\/schema.org","@graph":[{"@type":"WebPage","@id":"https:\/\/huitres-arcachon-capferret.fr\/de\/die-auster-unter-kontrolle\/","url":"https:\/\/huitres-arcachon-capferret.fr\/de\/die-auster-unter-kontrolle\/","name":"Hygienekontrollen bei Austern aus der Bucht von Arcachon und dem Cap Ferret","isPartOf":{"@id":"https:\/\/huitres-arcachon-capferret.fr\/#website"},"primaryImageOfPage":{"@id":"https:\/\/huitres-arcachon-capferret.fr\/de\/die-auster-unter-kontrolle\/#primaryimage"},"image":{"@id":"https:\/\/huitres-arcachon-capferret.fr\/de\/die-auster-unter-kontrolle\/#primaryimage"},"thumbnailUrl":"https:\/\/huitres-arcachon-capferret.fr\/wp-content\/uploads\/2021\/04\/huitre-sous-controle.jpg","datePublished":"2021-08-10T15:58:43+00:00","dateModified":"2021-08-10T15:58:53+00:00","description":"Die Kontrolle der Austern, der Wasserqualit\u00e4t, der Austernparks und der H\u00fctten der Austernz\u00fcchter ist eine Garantie f\u00fcr die Gesundheits\u00fcberwachung von Austernzuchtbetrieben.","inLanguage":"de","potentialAction":[{"@type":"ReadAction","target":["https:\/\/huitres-arcachon-capferret.fr\/de\/die-auster-unter-kontrolle\/"]}]},{"@type":"ImageObject","inLanguage":"de","@id":"https:\/\/huitres-arcachon-capferret.fr\/de\/die-auster-unter-kontrolle\/#primaryimage","url":"https:\/\/huitres-arcachon-capferret.fr\/wp-content\/uploads\/2021\/04\/huitre-sous-controle.jpg","contentUrl":"https:\/\/huitres-arcachon-capferret.fr\/wp-content\/uploads\/2021\/04\/huitre-sous-controle.jpg","width":2500,"height":936,"caption":"Die Auster unter Kontrolle"},{"@type":"WebSite","@id":"https:\/\/huitres-arcachon-capferret.fr\/#website","url":"https:\/\/huitres-arcachon-capferret.fr\/","name":"HACF","description":"Huitres Arcachon Cap Ferret","publisher":{"@id":"https:\/\/huitres-arcachon-capferret.fr\/#organization"},"potentialAction":[{"@type":"SearchAction","target":{"@type":"EntryPoint","urlTemplate":"https:\/\/huitres-arcachon-capferret.fr\/?s={search_term_string}"},"query-input":{"@type":"PropertyValueSpecification","valueRequired":true,"valueName":"search_term_string"}}],"inLanguage":"de"},{"@type":"Organization","@id":"https:\/\/huitres-arcachon-capferret.fr\/#organization","name":"CRCAA","url":"https:\/\/huitres-arcachon-capferret.fr\/","logo":{"@type":"ImageObject","inLanguage":"de","@id":"https:\/\/huitres-arcachon-capferret.fr\/#\/schema\/logo\/image\/","url":"https:\/\/huitres-arcachon-capferret.fr\/wp-content\/uploads\/2022\/12\/Logo_HACF_2022_Blanc-Trans.png","contentUrl":"https:\/\/huitres-arcachon-capferret.fr\/wp-content\/uploads\/2022\/12\/Logo_HACF_2022_Blanc-Trans.png","width":3544,"height":3544,"caption":"CRCAA"},"image":{"@id":"https:\/\/huitres-arcachon-capferret.fr\/#\/schema\/logo\/image\/"},"sameAs":["https:\/\/www.facebook.com\/Les-Hu\u00eetres-Arcachon-Cap-Ferret-646899868753704\/","https:\/\/x.com\/CRCArcachonAquitaine","https:\/\/www.instagram.com\/bassindarcachon\/","https:\/\/www.youtube.com\/channel\/UC4DHB2nINn37sWqLMa6CDTg"]}]}},"_links":{"self":[{"href":"https:\/\/huitres-arcachon-capferret.fr\/de\/wp-json\/wp\/v2\/pages\/9581","targetHints":{"allow":["GET"]}}],"collection":[{"href":"https:\/\/huitres-arcachon-capferret.fr\/de\/wp-json\/wp\/v2\/pages"}],"about":[{"href":"https:\/\/huitres-arcachon-capferret.fr\/de\/wp-json\/wp\/v2\/types\/page"}],"author":[{"embeddable":true,"href":"https:\/\/huitres-arcachon-capferret.fr\/de\/wp-json\/wp\/v2\/users\/1"}],"replies":[{"embeddable":true,"href":"https:\/\/huitres-arcachon-capferret.fr\/de\/wp-json\/wp\/v2\/comments?post=9581"}],"version-history":[{"count":0,"href":"https:\/\/huitres-arcachon-capferret.fr\/de\/wp-json\/wp\/v2\/pages\/9581\/revisions"}],"wp:featuredmedia":[{"embeddable":true,"href":"https:\/\/huitres-arcachon-capferret.fr\/de\/wp-json\/wp\/v2\/media\/3472"}],"wp:attachment":[{"href":"https:\/\/huitres-arcachon-capferret.fr\/de\/wp-json\/wp\/v2\/media?parent=9581"}],"curies":[{"name":"wp","href":"https:\/\/api.w.org\/{rel}","templated":true}]}}