{"id":9424,"date":"2021-07-14T16:14:17","date_gmt":"2021-07-14T15:14:17","guid":{"rendered":"https:\/\/huitres-arcachon-capferret.fr\/la-ostra-detox\/"},"modified":"2021-07-16T09:46:39","modified_gmt":"2021-07-16T08:46:39","slug":"la-ostra-detox","status":"publish","type":"page","link":"https:\/\/huitres-arcachon-capferret.fr\/es\/la-ostra-detox\/","title":{"rendered":"La ostra detox"},"content":{"rendered":"\t\t<div data-elementor-type=\"wp-page\" data-elementor-id=\"9424\" class=\"elementor elementor-9424 elementor-2854\" data-elementor-post-type=\"page\">\n\t\t\t\t\t\t<section class=\"elementor-section elementor-top-section elementor-element elementor-element-1d01cbff elementor-section-full_width elementor-section-height-default elementor-section-height-default\" data-id=\"1d01cbff\" data-element_type=\"section\" data-e-type=\"section\" data-settings=\"{&quot;background_background&quot;:&quot;classic&quot;}\">\n\t\t\t\t\t\t<div class=\"elementor-container elementor-column-gap-default\">\n\t\t\t\t\t<div class=\"elementor-column elementor-col-100 elementor-top-column elementor-element elementor-element-429214c0\" data-id=\"429214c0\" data-element_type=\"column\" data-e-type=\"column\" data-settings=\"{&quot;background_background&quot;:&quot;classic&quot;}\">\n\t\t\t<div class=\"elementor-widget-wrap elementor-element-populated\">\n\t\t\t\t\t\t<div class=\"elementor-element elementor-element-5567668c elementor-widget__width-auto elementor-widget elementor-widget-heading\" data-id=\"5567668c\" data-element_type=\"widget\" data-e-type=\"widget\" data-widget_type=\"heading.default\">\n\t\t\t\t<div class=\"elementor-widget-container\">\n\t\t\t\t\t<h1 class=\"elementor-heading-title elementor-size-default\">Salud y bienestar<\/h1>\t\t\t\t<\/div>\n\t\t\t\t<\/div>\n\t\t\t\t\t<\/div>\n\t\t<\/div>\n\t\t\t\t\t<\/div>\n\t\t<\/section>\n\t\t\t\t<section class=\"elementor-section elementor-top-section elementor-element elementor-element-3ce54e34 elementor-section-boxed elementor-section-height-default elementor-section-height-default\" data-id=\"3ce54e34\" data-element_type=\"section\" data-e-type=\"section\">\n\t\t\t\t\t\t<div class=\"elementor-container elementor-column-gap-wider\">\n\t\t\t\t\t<div class=\"elementor-column elementor-col-50 elementor-top-column elementor-element elementor-element-3aafee99\" data-id=\"3aafee99\" data-element_type=\"column\" data-e-type=\"column\">\n\t\t\t<div class=\"elementor-widget-wrap elementor-element-populated\">\n\t\t\t\t\t\t<div class=\"elementor-element elementor-element-7426c30 elementor-widget elementor-widget-text-editor\" data-id=\"7426c30\" data-element_type=\"widget\" data-e-type=\"widget\" data-widget_type=\"text-editor.default\">\n\t\t\t\t<div class=\"elementor-widget-container\">\n\t\t\t\t\t\t\t\t\t<p><span style=\"font-weight: 400;\">Consumidas por sus cualidades organol\u00e9pticas, las ostras de Arcachon Cap Ferret tambi\u00e9n son beneficiosas para la salud.&nbsp;<\/span><\/p>\n<p><strong>\u00a1Otro buen motivo para degustarlas durante todo el a\u00f1o!<\/strong><\/p>\n\t\t\t\t\t\t\t\t<\/div>\n\t\t\t\t<\/div>\n\t\t\t\t<div class=\"elementor-element elementor-element-54d47151 elementor-widget elementor-widget-heading\" data-id=\"54d47151\" data-element_type=\"widget\" data-e-type=\"widget\" data-widget_type=\"heading.default\">\n\t\t\t\t<div class=\"elementor-widget-container\">\n\t\t\t\t\t<h2 class=\"elementor-heading-title elementor-size-default\">La ostra, una gran aliada para el bienestar.<\/h2>\t\t\t\t<\/div>\n\t\t\t\t<\/div>\n\t\t\t\t<div class=\"elementor-element elementor-element-6d3bdf6b elementor-widget elementor-widget-image\" data-id=\"6d3bdf6b\" data-element_type=\"widget\" data-e-type=\"widget\" data-widget_type=\"image.default\">\n\t\t\t\t<div class=\"elementor-widget-container\">\n\t\t\t\t\t\t\t\t\t\t\t\t\t\t\t<img decoding=\"async\" width=\"1\" height=\"1\" src=\"https:\/\/huitres-arcachon-capferret.fr\/wp-content\/uploads\/2021\/03\/1px.png\" class=\"attachment-large size-large wp-image-668\" alt=\"Ostras de la bah\u00eda de Arcach\u00f3n Cabo Ferret\" \/>\t\t\t\t\t\t\t\t\t\t\t\t\t\t\t<\/div>\n\t\t\t\t<\/div>\n\t\t\t\t<div class=\"elementor-element elementor-element-28c1a281 elementor-widget elementor-widget-text-editor\" data-id=\"28c1a281\" data-element_type=\"widget\" data-e-type=\"widget\" data-widget_type=\"text-editor.default\">\n\t\t\t\t<div class=\"elementor-widget-container\">\n\t\t\t\t\t\t\t\t\t<p><span style=\"font-weight: 400;\">La ostra, por su composici\u00f3n nutricional, se puede clasificar entre los mejores alimentos de origen animal. Aporta, en peque\u00f1as cantidades, todos los elementos imprescindibles para nuestro metabolismo. <br \/>Es un alimento completo, tonificante y rico en nutrientes esenciales: vitaminas (A, D, B1, B2, B3, B5, B6, B12, C), minerales (hierro, calcio, f\u00f3sforo, magnesio), oligoelementos, prote\u00ednas de alta calidad y omega 3. \u00a1Un placer para el paladar sin aporte cal\u00f3rico!<\/span><\/p>\n<p><span style=\"font-weight: 400;\">La ostra es un alimento especialmente recomendado para:<\/span><\/p>\n<ul>\n<li style=\"font-weight: 400;\" aria-level=\"1\"><span style=\"font-weight: 400;\">Deportistas: la ostra mejora la resistencia al esfuerzo f\u00edsico y contribuye a una mejor recuperaci\u00f3n.<\/span><\/li>\n<li style=\"font-weight: 400;\" aria-level=\"1\"><span style=\"font-weight: 400;\">Personas que quieren cuidar su l\u00ednea: las ostras son bajas en calor\u00edas. 12 ostras proporcionan 67 kcal.<\/span><\/li>\n<li style=\"font-weight: 400;\" aria-level=\"1\"><span style=\"font-weight: 400;\">Personas con colesterol: las grasas saludables de las ostras ayudan a reducir el colesterol malo.<\/span><\/li>\n<li style=\"font-weight: 400;\" aria-level=\"1\"><span style=\"font-weight: 400;\">Ayudar a prevenir enfermedades cardiovasculares gracias a sus omega 3.<\/span><\/li>\n<li style=\"font-weight: 400;\" aria-level=\"1\"><span style=\"font-weight: 400;\">El buen funcionamiento general de nuestro organismo.<\/span><\/li>\n<\/ul>\n\t\t\t\t\t\t\t\t<\/div>\n\t\t\t\t<\/div>\n\t\t\t\t\t<\/div>\n\t\t<\/div>\n\t\t\t\t<div class=\"elementor-column elementor-col-50 elementor-top-column elementor-element elementor-element-5a9daf8a\" data-id=\"5a9daf8a\" data-element_type=\"column\" data-e-type=\"column\" data-settings=\"{&quot;background_background&quot;:&quot;classic&quot;}\">\n\t\t\t<div class=\"elementor-widget-wrap elementor-element-populated\">\n\t\t\t\t\t<div class=\"elementor-background-overlay\"><\/div>\n\t\t\t\t\t\t<div class=\"elementor-element elementor-element-6a4667d elementor-widget elementor-widget-image\" data-id=\"6a4667d\" data-element_type=\"widget\" data-e-type=\"widget\" data-widget_type=\"image.default\">\n\t\t\t\t<div class=\"elementor-widget-container\">\n\t\t\t\t\t\t\t\t\t\t\t\t\t\t\t<img fetchpriority=\"high\" decoding=\"async\" width=\"550\" height=\"735\" src=\"https:\/\/huitres-arcachon-capferret.fr\/wp-content\/uploads\/2021\/05\/huitre-sante.jpg\" class=\"attachment-large size-large wp-image-4923\" alt=\"La ostra, beneficiosa para la salud\" srcset=\"https:\/\/huitres-arcachon-capferret.fr\/wp-content\/uploads\/2021\/05\/huitre-sante.jpg 550w, https:\/\/huitres-arcachon-capferret.fr\/wp-content\/uploads\/2021\/05\/huitre-sante-224x300.jpg 224w\" sizes=\"(max-width: 550px) 100vw, 550px\" \/>\t\t\t\t\t\t\t\t\t\t\t\t\t\t\t<\/div>\n\t\t\t\t<\/div>\n\t\t\t\t\t<\/div>\n\t\t<\/div>\n\t\t\t\t\t<\/div>\n\t\t<\/section>\n\t\t\t\t<section class=\"elementor-section elementor-top-section elementor-element elementor-element-e3195a0 elementor-section-boxed elementor-section-height-default elementor-section-height-default\" data-id=\"e3195a0\" data-element_type=\"section\" data-e-type=\"section\" data-settings=\"{&quot;background_background&quot;:&quot;classic&quot;}\">\n\t\t\t\t\t\t<div class=\"elementor-container elementor-column-gap-wider\">\n\t\t\t\t\t<div class=\"elementor-column elementor-col-50 elementor-top-column elementor-element elementor-element-48b7889\" data-id=\"48b7889\" data-element_type=\"column\" data-e-type=\"column\">\n\t\t\t<div class=\"elementor-widget-wrap elementor-element-populated\">\n\t\t\t\t\t\t<div class=\"elementor-element elementor-element-1a61c56 elementor-widget elementor-widget-heading\" data-id=\"1a61c56\" data-element_type=\"widget\" data-e-type=\"widget\" data-widget_type=\"heading.default\">\n\t\t\t\t<div class=\"elementor-widget-container\">\n\t\t\t\t\t<h2 class=\"elementor-heading-title elementor-size-default\">\u00a1En el men\u00fa del d\u00eda siguiente, la ostra detox!<\/h2>\t\t\t\t<\/div>\n\t\t\t\t<\/div>\n\t\t\t\t<div class=\"elementor-element elementor-element-b96849d elementor-widget elementor-widget-image\" data-id=\"b96849d\" data-element_type=\"widget\" data-e-type=\"widget\" data-widget_type=\"image.default\">\n\t\t\t\t<div class=\"elementor-widget-container\">\n\t\t\t\t\t\t\t\t\t\t\t\t\t\t\t<img decoding=\"async\" width=\"1\" height=\"1\" src=\"https:\/\/huitres-arcachon-capferret.fr\/wp-content\/uploads\/2021\/03\/1px.png\" class=\"attachment-large size-large wp-image-668\" alt=\"Ostras de la bah\u00eda de Arcach\u00f3n Cabo Ferret\" \/>\t\t\t\t\t\t\t\t\t\t\t\t\t\t\t<\/div>\n\t\t\t\t<\/div>\n\t\t\t\t<div class=\"elementor-element elementor-element-c6933cc elementor-widget elementor-widget-text-editor\" data-id=\"c6933cc\" data-element_type=\"widget\" data-e-type=\"widget\" data-widget_type=\"text-editor.default\">\n\t\t\t\t<div class=\"elementor-widget-container\">\n\t\t\t\t\t\t\t\t\t<p><span style=\"font-weight: 400;\">\u00a1Festejar y despertarse al d\u00eda siguiente feliz de que a\u00fan no haya terminado!&nbsp; La ostra resulta ser la verdadera aliada de la desintoxicaci\u00f3n el d\u00eda de A\u00f1o Nuevo. Adem\u00e1s de la sensaci\u00f3n de frescor que da al degustarla, encarna la ecuaci\u00f3n nutricional de ensue\u00f1o.<\/span><\/p>\n\t\t\t\t\t\t\t\t<\/div>\n\t\t\t\t<\/div>\n\t\t\t\t\t<\/div>\n\t\t<\/div>\n\t\t\t\t<div class=\"elementor-column elementor-col-50 elementor-top-column elementor-element elementor-element-7a42bf4\" data-id=\"7a42bf4\" data-element_type=\"column\" data-e-type=\"column\" data-settings=\"{&quot;background_background&quot;:&quot;classic&quot;}\">\n\t\t\t<div class=\"elementor-widget-wrap elementor-element-populated\">\n\t\t\t\t\t<div class=\"elementor-background-overlay\"><\/div>\n\t\t\t\t\t\t<div class=\"elementor-element elementor-element-de4a38d elementor-widget elementor-widget-text-editor\" data-id=\"de4a38d\" data-element_type=\"widget\" data-e-type=\"widget\" data-widget_type=\"text-editor.default\">\n\t\t\t\t<div class=\"elementor-widget-container\">\n\t\t\t\t\t\t\t\t\t<p>Sabrosa&lt;br\/&gt;+&lt;br\/&gt;Rica en aportes naturales&lt;br\/&gt;-&lt;br\/&gt;Calor\u00edas&lt;br\/&gt;=&lt;br\/&gt;68 KCAL&lt;br\/&gt;PARA 12 OSTRAS<\/p>\n\t\t\t\t\t\t\t\t<\/div>\n\t\t\t\t<\/div>\n\t\t\t\t\t<\/div>\n\t\t<\/div>\n\t\t\t\t\t<\/div>\n\t\t<\/section>\n\t\t\t\t<\/div>\n\t\t","protected":false},"excerpt":{"rendered":"<p>Salud y bienestar Consumidas por sus cualidades organol\u00e9pticas, las ostras de Arcachon Cap Ferret tambi\u00e9n son beneficiosas para la salud.&nbsp; \u00a1Otro buen motivo para degustarlas durante todo el a\u00f1o! La ostra, una gran aliada para el bienestar. La ostra, por su composici\u00f3n nutricional, se puede clasificar entre los mejores alimentos de origen animal. Aporta, en [&hellip;]<\/p>\n","protected":false},"author":1,"featured_media":2860,"parent":0,"menu_order":0,"comment_status":"closed","ping_status":"closed","template":"elementor_header_footer","meta":{"footnotes":""},"class_list":["post-9424","page","type-page","status-publish","has-post-thumbnail","hentry"],"yoast_head":"<!-- This site is optimized with the Yoast SEO plugin v27.4 - https:\/\/yoast.com\/product\/yoast-seo-wordpress\/ -->\n<title>Las ostras, beneficiosas para la salud: Detox: Ricas en vitaminas y bajas en calor\u00edas<\/title>\n<meta name=\"description\" content=\"Las ostras detox, muy bajas en calor\u00edas y con m\u00e1s vitaminas que la carne y el pescado, son muy beneficiosas para la salud.\" \/>\n<meta name=\"robots\" content=\"index, follow, max-snippet:-1, max-image-preview:large, max-video-preview:-1\" \/>\n<link rel=\"canonical\" href=\"https:\/\/huitres-arcachon-capferret.fr\/es\/la-ostra-detox\/\" \/>\n<meta property=\"og:locale\" content=\"es_ES\" \/>\n<meta property=\"og:type\" content=\"article\" \/>\n<meta property=\"og:title\" content=\"Las ostras, beneficiosas para la salud: Detox: Ricas en vitaminas y bajas en calor\u00edas\" \/>\n<meta property=\"og:description\" content=\"Las ostras detox, muy bajas en calor\u00edas y con m\u00e1s vitaminas que la carne y el pescado, son muy beneficiosas para la salud.\" \/>\n<meta property=\"og:url\" content=\"https:\/\/huitres-arcachon-capferret.fr\/es\/la-ostra-detox\/\" \/>\n<meta property=\"og:site_name\" content=\"HACF\" \/>\n<meta property=\"article:publisher\" content=\"https:\/\/www.facebook.com\/Les-Hu%c3%aetres-Arcachon-Cap-Ferret-646899868753704\/\" \/>\n<meta property=\"article:modified_time\" content=\"2021-07-16T08:46:39+00:00\" \/>\n<meta property=\"og:image\" content=\"https:\/\/huitres-arcachon-capferret.fr\/wp-content\/uploads\/2021\/04\/huitre-detox.jpg\" \/>\n\t<meta property=\"og:image:width\" content=\"2500\" \/>\n\t<meta property=\"og:image:height\" content=\"936\" \/>\n\t<meta property=\"og:image:type\" content=\"image\/jpeg\" \/>\n<meta name=\"twitter:card\" content=\"summary_large_image\" \/>\n<meta name=\"twitter:site\" content=\"@CRCArcachonAquitaine\" \/>\n<meta name=\"twitter:label1\" content=\"Tiempo de lectura\" \/>\n\t<meta name=\"twitter:data1\" content=\"2 minutos\" \/>\n<script type=\"application\/ld+json\" class=\"yoast-schema-graph\">{\"@context\":\"https:\\\/\\\/schema.org\",\"@graph\":[{\"@type\":\"WebPage\",\"@id\":\"https:\\\/\\\/huitres-arcachon-capferret.fr\\\/es\\\/la-ostra-detox\\\/\",\"url\":\"https:\\\/\\\/huitres-arcachon-capferret.fr\\\/es\\\/la-ostra-detox\\\/\",\"name\":\"Las ostras, beneficiosas para la salud: Detox: Ricas en vitaminas y bajas en calor\u00edas\",\"isPartOf\":{\"@id\":\"https:\\\/\\\/huitres-arcachon-capferret.fr\\\/#website\"},\"primaryImageOfPage\":{\"@id\":\"https:\\\/\\\/huitres-arcachon-capferret.fr\\\/es\\\/la-ostra-detox\\\/#primaryimage\"},\"image\":{\"@id\":\"https:\\\/\\\/huitres-arcachon-capferret.fr\\\/es\\\/la-ostra-detox\\\/#primaryimage\"},\"thumbnailUrl\":\"https:\\\/\\\/huitres-arcachon-capferret.fr\\\/wp-content\\\/uploads\\\/2021\\\/04\\\/huitre-detox.jpg\",\"datePublished\":\"2021-07-14T15:14:17+00:00\",\"dateModified\":\"2021-07-16T08:46:39+00:00\",\"description\":\"Las ostras detox, muy bajas en calor\u00edas y con m\u00e1s vitaminas que la carne y el pescado, son muy beneficiosas para la salud.\",\"inLanguage\":\"es\",\"potentialAction\":[{\"@type\":\"ReadAction\",\"target\":[\"https:\\\/\\\/huitres-arcachon-capferret.fr\\\/es\\\/la-ostra-detox\\\/\"]}]},{\"@type\":\"ImageObject\",\"inLanguage\":\"es\",\"@id\":\"https:\\\/\\\/huitres-arcachon-capferret.fr\\\/es\\\/la-ostra-detox\\\/#primaryimage\",\"url\":\"https:\\\/\\\/huitres-arcachon-capferret.fr\\\/wp-content\\\/uploads\\\/2021\\\/04\\\/huitre-detox.jpg\",\"contentUrl\":\"https:\\\/\\\/huitres-arcachon-capferret.fr\\\/wp-content\\\/uploads\\\/2021\\\/04\\\/huitre-detox.jpg\",\"width\":2500,\"height\":936,\"caption\":\"La ostra detox\"},{\"@type\":\"WebSite\",\"@id\":\"https:\\\/\\\/huitres-arcachon-capferret.fr\\\/#website\",\"url\":\"https:\\\/\\\/huitres-arcachon-capferret.fr\\\/\",\"name\":\"HACF\",\"description\":\"Huitres Arcachon Cap Ferret\",\"publisher\":{\"@id\":\"https:\\\/\\\/huitres-arcachon-capferret.fr\\\/#organization\"},\"potentialAction\":[{\"@type\":\"SearchAction\",\"target\":{\"@type\":\"EntryPoint\",\"urlTemplate\":\"https:\\\/\\\/huitres-arcachon-capferret.fr\\\/?s={search_term_string}\"},\"query-input\":{\"@type\":\"PropertyValueSpecification\",\"valueRequired\":true,\"valueName\":\"search_term_string\"}}],\"inLanguage\":\"es\"},{\"@type\":\"Organization\",\"@id\":\"https:\\\/\\\/huitres-arcachon-capferret.fr\\\/#organization\",\"name\":\"CRCAA\",\"url\":\"https:\\\/\\\/huitres-arcachon-capferret.fr\\\/\",\"logo\":{\"@type\":\"ImageObject\",\"inLanguage\":\"es\",\"@id\":\"https:\\\/\\\/huitres-arcachon-capferret.fr\\\/#\\\/schema\\\/logo\\\/image\\\/\",\"url\":\"https:\\\/\\\/huitres-arcachon-capferret.fr\\\/wp-content\\\/uploads\\\/2022\\\/12\\\/Logo_HACF_2022_Blanc-Trans.png\",\"contentUrl\":\"https:\\\/\\\/huitres-arcachon-capferret.fr\\\/wp-content\\\/uploads\\\/2022\\\/12\\\/Logo_HACF_2022_Blanc-Trans.png\",\"width\":3544,\"height\":3544,\"caption\":\"CRCAA\"},\"image\":{\"@id\":\"https:\\\/\\\/huitres-arcachon-capferret.fr\\\/#\\\/schema\\\/logo\\\/image\\\/\"},\"sameAs\":[\"https:\\\/\\\/www.facebook.com\\\/Les-Hu\u00eetres-Arcachon-Cap-Ferret-646899868753704\\\/\",\"https:\\\/\\\/x.com\\\/CRCArcachonAquitaine\",\"https:\\\/\\\/www.instagram.com\\\/bassindarcachon\\\/\",\"https:\\\/\\\/www.youtube.com\\\/channel\\\/UC4DHB2nINn37sWqLMa6CDTg\"]}]}<\/script>\n<!-- \/ Yoast SEO plugin. -->","yoast_head_json":{"title":"Las ostras, beneficiosas para la salud: Detox: Ricas en vitaminas y bajas en calor\u00edas","description":"Las ostras detox, muy bajas en calor\u00edas y con m\u00e1s vitaminas que la carne y el pescado, son muy beneficiosas para la salud.","robots":{"index":"index","follow":"follow","max-snippet":"max-snippet:-1","max-image-preview":"max-image-preview:large","max-video-preview":"max-video-preview:-1"},"canonical":"https:\/\/huitres-arcachon-capferret.fr\/es\/la-ostra-detox\/","og_locale":"es_ES","og_type":"article","og_title":"Las ostras, beneficiosas para la salud: Detox: Ricas en vitaminas y bajas en calor\u00edas","og_description":"Las ostras detox, muy bajas en calor\u00edas y con m\u00e1s vitaminas que la carne y el pescado, son muy beneficiosas para la salud.","og_url":"https:\/\/huitres-arcachon-capferret.fr\/es\/la-ostra-detox\/","og_site_name":"HACF","article_publisher":"https:\/\/www.facebook.com\/Les-Hu%c3%aetres-Arcachon-Cap-Ferret-646899868753704\/","article_modified_time":"2021-07-16T08:46:39+00:00","og_image":[{"width":2500,"height":936,"url":"https:\/\/huitres-arcachon-capferret.fr\/wp-content\/uploads\/2021\/04\/huitre-detox.jpg","type":"image\/jpeg"}],"twitter_card":"summary_large_image","twitter_site":"@CRCArcachonAquitaine","twitter_misc":{"Tiempo de lectura":"2 minutos"},"schema":{"@context":"https:\/\/schema.org","@graph":[{"@type":"WebPage","@id":"https:\/\/huitres-arcachon-capferret.fr\/es\/la-ostra-detox\/","url":"https:\/\/huitres-arcachon-capferret.fr\/es\/la-ostra-detox\/","name":"Las ostras, beneficiosas para la salud: Detox: Ricas en vitaminas y bajas en calor\u00edas","isPartOf":{"@id":"https:\/\/huitres-arcachon-capferret.fr\/#website"},"primaryImageOfPage":{"@id":"https:\/\/huitres-arcachon-capferret.fr\/es\/la-ostra-detox\/#primaryimage"},"image":{"@id":"https:\/\/huitres-arcachon-capferret.fr\/es\/la-ostra-detox\/#primaryimage"},"thumbnailUrl":"https:\/\/huitres-arcachon-capferret.fr\/wp-content\/uploads\/2021\/04\/huitre-detox.jpg","datePublished":"2021-07-14T15:14:17+00:00","dateModified":"2021-07-16T08:46:39+00:00","description":"Las ostras detox, muy bajas en calor\u00edas y con m\u00e1s vitaminas que la carne y el pescado, son muy beneficiosas para la salud.","inLanguage":"es","potentialAction":[{"@type":"ReadAction","target":["https:\/\/huitres-arcachon-capferret.fr\/es\/la-ostra-detox\/"]}]},{"@type":"ImageObject","inLanguage":"es","@id":"https:\/\/huitres-arcachon-capferret.fr\/es\/la-ostra-detox\/#primaryimage","url":"https:\/\/huitres-arcachon-capferret.fr\/wp-content\/uploads\/2021\/04\/huitre-detox.jpg","contentUrl":"https:\/\/huitres-arcachon-capferret.fr\/wp-content\/uploads\/2021\/04\/huitre-detox.jpg","width":2500,"height":936,"caption":"La ostra detox"},{"@type":"WebSite","@id":"https:\/\/huitres-arcachon-capferret.fr\/#website","url":"https:\/\/huitres-arcachon-capferret.fr\/","name":"HACF","description":"Huitres Arcachon Cap Ferret","publisher":{"@id":"https:\/\/huitres-arcachon-capferret.fr\/#organization"},"potentialAction":[{"@type":"SearchAction","target":{"@type":"EntryPoint","urlTemplate":"https:\/\/huitres-arcachon-capferret.fr\/?s={search_term_string}"},"query-input":{"@type":"PropertyValueSpecification","valueRequired":true,"valueName":"search_term_string"}}],"inLanguage":"es"},{"@type":"Organization","@id":"https:\/\/huitres-arcachon-capferret.fr\/#organization","name":"CRCAA","url":"https:\/\/huitres-arcachon-capferret.fr\/","logo":{"@type":"ImageObject","inLanguage":"es","@id":"https:\/\/huitres-arcachon-capferret.fr\/#\/schema\/logo\/image\/","url":"https:\/\/huitres-arcachon-capferret.fr\/wp-content\/uploads\/2022\/12\/Logo_HACF_2022_Blanc-Trans.png","contentUrl":"https:\/\/huitres-arcachon-capferret.fr\/wp-content\/uploads\/2022\/12\/Logo_HACF_2022_Blanc-Trans.png","width":3544,"height":3544,"caption":"CRCAA"},"image":{"@id":"https:\/\/huitres-arcachon-capferret.fr\/#\/schema\/logo\/image\/"},"sameAs":["https:\/\/www.facebook.com\/Les-Hu\u00eetres-Arcachon-Cap-Ferret-646899868753704\/","https:\/\/x.com\/CRCArcachonAquitaine","https:\/\/www.instagram.com\/bassindarcachon\/","https:\/\/www.youtube.com\/channel\/UC4DHB2nINn37sWqLMa6CDTg"]}]}},"_links":{"self":[{"href":"https:\/\/huitres-arcachon-capferret.fr\/es\/wp-json\/wp\/v2\/pages\/9424","targetHints":{"allow":["GET"]}}],"collection":[{"href":"https:\/\/huitres-arcachon-capferret.fr\/es\/wp-json\/wp\/v2\/pages"}],"about":[{"href":"https:\/\/huitres-arcachon-capferret.fr\/es\/wp-json\/wp\/v2\/types\/page"}],"author":[{"embeddable":true,"href":"https:\/\/huitres-arcachon-capferret.fr\/es\/wp-json\/wp\/v2\/users\/1"}],"replies":[{"embeddable":true,"href":"https:\/\/huitres-arcachon-capferret.fr\/es\/wp-json\/wp\/v2\/comments?post=9424"}],"version-history":[{"count":0,"href":"https:\/\/huitres-arcachon-capferret.fr\/es\/wp-json\/wp\/v2\/pages\/9424\/revisions"}],"wp:featuredmedia":[{"embeddable":true,"href":"https:\/\/huitres-arcachon-capferret.fr\/es\/wp-json\/wp\/v2\/media\/2860"}],"wp:attachment":[{"href":"https:\/\/huitres-arcachon-capferret.fr\/es\/wp-json\/wp\/v2\/media?parent=9424"}],"curies":[{"name":"wp","href":"https:\/\/api.w.org\/{rel}","templated":true}]}}