{"id":9574,"date":"2021-08-10T16:58:37","date_gmt":"2021-08-10T15:58:37","guid":{"rendered":"https:\/\/huitres-arcachon-capferret.fr\/la-ostra-bajo-control\/"},"modified":"2021-08-10T16:58:45","modified_gmt":"2021-08-10T15:58:45","slug":"la-ostra-bajo-control","status":"publish","type":"page","link":"https:\/\/huitres-arcachon-capferret.fr\/es\/la-ostra-bajo-control\/","title":{"rendered":"la ostra bajo control"},"content":{"rendered":"\t\t<div data-elementor-type=\"wp-page\" data-elementor-id=\"9574\" class=\"elementor elementor-9574 elementor-651\" data-elementor-post-type=\"page\">\n\t\t\t\t\t\t<section class=\"elementor-section elementor-top-section elementor-element elementor-element-7bf6c45f elementor-section-full_width elementor-section-height-default elementor-section-height-default\" data-id=\"7bf6c45f\" data-element_type=\"section\" data-e-type=\"section\" data-settings=\"{&quot;background_background&quot;:&quot;classic&quot;}\">\n\t\t\t\t\t\t<div class=\"elementor-container elementor-column-gap-default\">\n\t\t\t\t\t<div class=\"elementor-column elementor-col-100 elementor-top-column elementor-element elementor-element-3070ed9\" data-id=\"3070ed9\" data-element_type=\"column\" data-e-type=\"column\">\n\t\t\t<div class=\"elementor-widget-wrap elementor-element-populated\">\n\t\t\t\t\t\t<div class=\"elementor-element elementor-element-6675b5ec elementor-widget__width-auto elementor-widget elementor-widget-heading\" data-id=\"6675b5ec\" data-element_type=\"widget\" data-e-type=\"widget\" data-widget_type=\"heading.default\">\n\t\t\t\t<div class=\"elementor-widget-container\">\n\t\t\t\t\t<h1 class=\"elementor-heading-title elementor-size-default\">La ostra bajo control<\/h1>\t\t\t\t<\/div>\n\t\t\t\t<\/div>\n\t\t\t\t\t<\/div>\n\t\t<\/div>\n\t\t\t\t\t<\/div>\n\t\t<\/section>\n\t\t\t\t<section class=\"elementor-section elementor-top-section elementor-element elementor-element-e3620d8 elementor-section-boxed elementor-section-height-default elementor-section-height-default\" data-id=\"e3620d8\" data-element_type=\"section\" data-e-type=\"section\">\n\t\t\t\t\t\t<div class=\"elementor-container elementor-column-gap-wider\">\n\t\t\t\t\t<div class=\"elementor-column elementor-col-50 elementor-top-column elementor-element elementor-element-1ef83e0\" data-id=\"1ef83e0\" data-element_type=\"column\" data-e-type=\"column\">\n\t\t\t<div class=\"elementor-widget-wrap elementor-element-populated\">\n\t\t\t\t\t\t<div class=\"elementor-element elementor-element-1d792e1 elementor-widget elementor-widget-heading\" data-id=\"1d792e1\" data-element_type=\"widget\" data-e-type=\"widget\" data-widget_type=\"heading.default\">\n\t\t\t\t<div class=\"elementor-widget-container\">\n\t\t\t\t\t<h2 class=\"elementor-heading-title elementor-size-default\">La calidad de las aguas<\/h2>\t\t\t\t<\/div>\n\t\t\t\t<\/div>\n\t\t\t\t<div class=\"elementor-element elementor-element-0135988 elementor-widget elementor-widget-image\" data-id=\"0135988\" data-element_type=\"widget\" data-e-type=\"widget\" data-widget_type=\"image.default\">\n\t\t\t\t<div class=\"elementor-widget-container\">\n\t\t\t\t\t\t\t\t\t\t\t\t\t\t\t<img decoding=\"async\" width=\"1\" height=\"1\" src=\"https:\/\/huitres-arcachon-capferret.fr\/wp-content\/uploads\/2021\/03\/1px.png\" class=\"attachment-large size-large wp-image-668\" alt=\"Ostras de la bah\u00eda de Arcach\u00f3n Cabo Ferret\" \/>\t\t\t\t\t\t\t\t\t\t\t\t\t\t\t<\/div>\n\t\t\t\t<\/div>\n\t\t\t\t<div class=\"elementor-element elementor-element-26a6c4f elementor-widget elementor-widget-text-editor\" data-id=\"26a6c4f\" data-element_type=\"widget\" data-e-type=\"widget\" data-widget_type=\"text-editor.default\">\n\t\t\t\t<div class=\"elementor-widget-container\">\n\t\t\t\t\t\t\t\t\t<p>En Francia, las zonas de producci\u00f3n y reinstalaci\u00f3n de moluscos vivos se clasifican por la Administraci\u00f3n de acuerdo con los resultados de un estudio sanitario conocido como estudio de zona. Dicha clasificaci\u00f3n establece 4 niveles de saneamiento y calidad del agua (A, B, C y D) (cf. Orden de 21 de mayo de 1999 relativa a la clasificaci\u00f3n sanitaria y al seguimiento de las zonas de producci\u00f3n y de reinstalaci\u00f3n de moluscos vivos).<\/p>\n<p>La bah\u00eda de Arcach\u00f3n solo tiene \u00e1reas clasificadas A (alrededor del 80%) o B (el 20% restante). Las \u00e1reas de los criaderos de ostras clasificadas en la zona B solo se refieren a los criaderos dedicados a la recolecci\u00f3n de larvas de ostras, no se obtienen ostras comerciales directamente de ellas.<\/p>\n<p>Para su comercializaci\u00f3n, las ostras se colocan, para un crecimiento de varios meses, en criaderos clasificados A con aguas de una calidad excepcional.<\/p>\n\t\t\t\t\t\t\t\t<\/div>\n\t\t\t\t<\/div>\n\t\t\t\t\t<\/div>\n\t\t<\/div>\n\t\t\t\t<div class=\"elementor-column elementor-col-50 elementor-top-column elementor-element elementor-element-23d24e0\" data-id=\"23d24e0\" data-element_type=\"column\" data-e-type=\"column\" data-settings=\"{&quot;background_background&quot;:&quot;classic&quot;}\">\n\t\t\t<div class=\"elementor-widget-wrap elementor-element-populated\">\n\t\t\t\t\t<div class=\"elementor-background-overlay\"><\/div>\n\t\t\t\t\t\t<div class=\"elementor-element elementor-element-9695a30 elementor-widget elementor-widget-image\" data-id=\"9695a30\" data-element_type=\"widget\" data-e-type=\"widget\" data-widget_type=\"image.default\">\n\t\t\t\t<div class=\"elementor-widget-container\">\n\t\t\t\t\t\t\t\t\t\t\t\t\t\t\t<img fetchpriority=\"high\" decoding=\"async\" width=\"550\" height=\"413\" src=\"https:\/\/huitres-arcachon-capferret.fr\/wp-content\/uploads\/2021\/04\/qualite-eaux.jpg\" class=\"attachment-large size-large wp-image-3478\" alt=\"Controles y pruebas de calidad del agua\" srcset=\"https:\/\/huitres-arcachon-capferret.fr\/wp-content\/uploads\/2021\/04\/qualite-eaux.jpg 550w, https:\/\/huitres-arcachon-capferret.fr\/wp-content\/uploads\/2021\/04\/qualite-eaux-300x225.jpg 300w, https:\/\/huitres-arcachon-capferret.fr\/wp-content\/uploads\/2021\/04\/qualite-eaux-500x375.jpg 500w\" sizes=\"(max-width: 550px) 100vw, 550px\" \/>\t\t\t\t\t\t\t\t\t\t\t\t\t\t\t<\/div>\n\t\t\t\t<\/div>\n\t\t\t\t\t<\/div>\n\t\t<\/div>\n\t\t\t\t\t<\/div>\n\t\t<\/section>\n\t\t\t\t<section class=\"elementor-section elementor-top-section elementor-element elementor-element-00feb26 elementor-section-boxed elementor-section-height-default elementor-section-height-default\" data-id=\"00feb26\" data-element_type=\"section\" data-e-type=\"section\" data-settings=\"{&quot;background_background&quot;:&quot;classic&quot;}\">\n\t\t\t\t\t\t<div class=\"elementor-container elementor-column-gap-wider\">\n\t\t\t\t\t<div class=\"elementor-column elementor-col-50 elementor-top-column elementor-element elementor-element-e02f29f\" data-id=\"e02f29f\" data-element_type=\"column\" data-e-type=\"column\">\n\t\t\t<div class=\"elementor-widget-wrap elementor-element-populated\">\n\t\t\t\t\t\t<div class=\"elementor-element elementor-element-5ad190d3 elementor-widget elementor-widget-heading\" data-id=\"5ad190d3\" data-element_type=\"widget\" data-e-type=\"widget\" data-widget_type=\"heading.default\">\n\t\t\t\t<div class=\"elementor-widget-container\">\n\t\t\t\t\t<h2 class=\"elementor-heading-title elementor-size-default\">La ostra en su criadero y en la caba\u00f1a <\/h2>\t\t\t\t<\/div>\n\t\t\t\t<\/div>\n\t\t\t\t<div class=\"elementor-element elementor-element-9e72e8f elementor-widget elementor-widget-image\" data-id=\"9e72e8f\" data-element_type=\"widget\" data-e-type=\"widget\" data-widget_type=\"image.default\">\n\t\t\t\t<div class=\"elementor-widget-container\">\n\t\t\t\t\t\t\t\t\t\t\t\t\t\t\t<img decoding=\"async\" width=\"1\" height=\"1\" src=\"https:\/\/huitres-arcachon-capferret.fr\/wp-content\/uploads\/2021\/03\/1px.png\" class=\"attachment-large size-large wp-image-668\" alt=\"Ostras de la bah\u00eda de Arcach\u00f3n Cabo Ferret\" \/>\t\t\t\t\t\t\t\t\t\t\t\t\t\t\t<\/div>\n\t\t\t\t<\/div>\n\t\t\t\t<div class=\"elementor-element elementor-element-9e96190 elementor-widget elementor-widget-text-editor\" data-id=\"9e96190\" data-element_type=\"widget\" data-e-type=\"widget\" data-widget_type=\"text-editor.default\">\n\t\t\t\t<div class=\"elementor-widget-container\">\n\t\t\t\t\t\t\t\t\t<p><strong>El GDSOA &#8211; Grupo de Defensa Sanitaria Ostr\u00edcola de Aquitania &#8211; bajo la vigilancia de expertos<\/strong><\/p>\n\t\t\t\t\t\t\t\t<\/div>\n\t\t\t\t<\/div>\n\t\t\t\t<div class=\"elementor-element elementor-element-2da54422 elementor-widget elementor-widget-text-editor\" data-id=\"2da54422\" data-element_type=\"widget\" data-e-type=\"widget\" data-widget_type=\"text-editor.default\">\n\t\t\t\t<div class=\"elementor-widget-container\">\n\t\t\t\t\t\t\t\t\t<p>Con la creaci\u00f3n del GDSOA desde enero de 2012, el Comit\u00e9 Regional para la Cr\u00eda de Mariscos de Arcach\u00f3n Aquitania ha optado por involucrarse m\u00e1s en los sistemas de vigilancia sanitaria.<\/p>\n<p>Con esta iniciativa sin precedentes, pionera en Francia, el objetivo es el de responder lo mejor posible a la evoluci\u00f3n de los est\u00e1ndares sanitarios aplicados a los criaderos de ostras, as\u00ed como a las expectativas cada vez m\u00e1s exigentes de los consumidores y de los minoristas grandes y medianos (GMS), adem\u00e1s de hacer frente a las nuevas responsabilidades de los servicios veterinarios que ya no son responsables de asesorar a los productores.<\/p>\n\t\t\t\t\t\t\t\t<\/div>\n\t\t\t\t<\/div>\n\t\t\t\t\t<\/div>\n\t\t<\/div>\n\t\t\t\t<div class=\"elementor-column elementor-col-50 elementor-top-column elementor-element elementor-element-30cc7d2\" data-id=\"30cc7d2\" data-element_type=\"column\" data-e-type=\"column\" data-settings=\"{&quot;background_background&quot;:&quot;classic&quot;}\">\n\t\t\t<div class=\"elementor-widget-wrap elementor-element-populated\">\n\t\t\t\t\t<div class=\"elementor-background-overlay\"><\/div>\n\t\t\t\t\t\t<div class=\"elementor-element elementor-element-3baa8f53 elementor-widget elementor-widget-image\" data-id=\"3baa8f53\" data-element_type=\"widget\" data-e-type=\"widget\" data-widget_type=\"image.default\">\n\t\t\t\t<div class=\"elementor-widget-container\">\n\t\t\t\t\t\t\t\t\t\t\t\t\t\t\t<img decoding=\"async\" width=\"550\" height=\"413\" src=\"https:\/\/huitres-arcachon-capferret.fr\/wp-content\/uploads\/2021\/04\/parc-huitre.jpg\" class=\"attachment-large size-large wp-image-3482\" alt=\"Criadero de ostras de calidad\" srcset=\"https:\/\/huitres-arcachon-capferret.fr\/wp-content\/uploads\/2021\/04\/parc-huitre.jpg 550w, https:\/\/huitres-arcachon-capferret.fr\/wp-content\/uploads\/2021\/04\/parc-huitre-300x225.jpg 300w, https:\/\/huitres-arcachon-capferret.fr\/wp-content\/uploads\/2021\/04\/parc-huitre-500x375.jpg 500w\" sizes=\"(max-width: 550px) 100vw, 550px\" \/>\t\t\t\t\t\t\t\t\t\t\t\t\t\t\t<\/div>\n\t\t\t\t<\/div>\n\t\t\t\t\t<\/div>\n\t\t<\/div>\n\t\t\t\t\t<\/div>\n\t\t<\/section>\n\t\t\t\t<\/div>\n\t\t","protected":false},"excerpt":{"rendered":"<p>La ostra bajo control La calidad de las aguas En Francia, las zonas de producci\u00f3n y reinstalaci\u00f3n de moluscos vivos se clasifican por la Administraci\u00f3n de acuerdo con los resultados de un estudio sanitario conocido como estudio de zona. Dicha clasificaci\u00f3n establece 4 niveles de saneamiento y calidad del agua (A, B, C y D) [&hellip;]<\/p>\n","protected":false},"author":1,"featured_media":3473,"parent":0,"menu_order":0,"comment_status":"closed","ping_status":"closed","template":"elementor_header_footer","meta":{"footnotes":""},"class_list":["post-9574","page","type-page","status-publish","has-post-thumbnail","hentry"],"yoast_head":"<!-- This site is optimized with the Yoast SEO plugin v27.5 - https:\/\/yoast.com\/product\/yoast-seo-wordpress\/ -->\n<title>Controles sanitarios de las ostras de la bah\u00eda de Arcach\u00f3n y del Cabo Ferret:<\/title>\n<meta name=\"description\" content=\"El control de las ostras, de la calidad del agua, de los criaderos y de las caba\u00f1as son garant\u00eda de vigilancia sanitaria de los establecimientos ostr\u00edcolas.\" \/>\n<meta name=\"robots\" content=\"index, follow, max-snippet:-1, max-image-preview:large, max-video-preview:-1\" \/>\n<link rel=\"canonical\" href=\"https:\/\/huitres-arcachon-capferret.fr\/es\/la-ostra-bajo-control\/\" \/>\n<meta property=\"og:locale\" content=\"es_ES\" \/>\n<meta property=\"og:type\" content=\"article\" \/>\n<meta property=\"og:title\" content=\"Controles sanitarios de las ostras de la bah\u00eda de Arcach\u00f3n y del Cabo Ferret:\" \/>\n<meta property=\"og:description\" content=\"El control de las ostras, de la calidad del agua, de los criaderos y de las caba\u00f1as son garant\u00eda de vigilancia sanitaria de los establecimientos ostr\u00edcolas.\" \/>\n<meta property=\"og:url\" content=\"https:\/\/huitres-arcachon-capferret.fr\/es\/la-ostra-bajo-control\/\" \/>\n<meta property=\"og:site_name\" content=\"HACF\" \/>\n<meta property=\"article:publisher\" content=\"https:\/\/www.facebook.com\/Les-Hu%c3%aetres-Arcachon-Cap-Ferret-646899868753704\/\" \/>\n<meta property=\"article:modified_time\" content=\"2021-08-10T15:58:45+00:00\" \/>\n<meta property=\"og:image\" content=\"https:\/\/huitres-arcachon-capferret.fr\/wp-content\/uploads\/2021\/04\/huitre-sous-controle.jpg\" \/>\n\t<meta property=\"og:image:width\" content=\"2500\" \/>\n\t<meta property=\"og:image:height\" content=\"936\" \/>\n\t<meta property=\"og:image:type\" content=\"image\/jpeg\" \/>\n<meta name=\"twitter:card\" content=\"summary_large_image\" \/>\n<meta name=\"twitter:site\" content=\"@CRCArcachonAquitaine\" \/>\n<meta name=\"twitter:label1\" content=\"Tiempo de lectura\" \/>\n\t<meta name=\"twitter:data1\" content=\"1 minuto\" \/>\n<script type=\"application\/ld+json\" class=\"yoast-schema-graph\">{\"@context\":\"https:\\\/\\\/schema.org\",\"@graph\":[{\"@type\":\"WebPage\",\"@id\":\"https:\\\/\\\/huitres-arcachon-capferret.fr\\\/es\\\/la-ostra-bajo-control\\\/\",\"url\":\"https:\\\/\\\/huitres-arcachon-capferret.fr\\\/es\\\/la-ostra-bajo-control\\\/\",\"name\":\"Controles sanitarios de las ostras de la bah\u00eda de Arcach\u00f3n y del Cabo Ferret:\",\"isPartOf\":{\"@id\":\"https:\\\/\\\/huitres-arcachon-capferret.fr\\\/#website\"},\"primaryImageOfPage\":{\"@id\":\"https:\\\/\\\/huitres-arcachon-capferret.fr\\\/es\\\/la-ostra-bajo-control\\\/#primaryimage\"},\"image\":{\"@id\":\"https:\\\/\\\/huitres-arcachon-capferret.fr\\\/es\\\/la-ostra-bajo-control\\\/#primaryimage\"},\"thumbnailUrl\":\"https:\\\/\\\/huitres-arcachon-capferret.fr\\\/wp-content\\\/uploads\\\/2021\\\/04\\\/huitre-sous-controle.jpg\",\"datePublished\":\"2021-08-10T15:58:37+00:00\",\"dateModified\":\"2021-08-10T15:58:45+00:00\",\"description\":\"El control de las ostras, de la calidad del agua, de los criaderos y de las caba\u00f1as son garant\u00eda de vigilancia sanitaria de los establecimientos ostr\u00edcolas.\",\"inLanguage\":\"es\",\"potentialAction\":[{\"@type\":\"ReadAction\",\"target\":[\"https:\\\/\\\/huitres-arcachon-capferret.fr\\\/es\\\/la-ostra-bajo-control\\\/\"]}]},{\"@type\":\"ImageObject\",\"inLanguage\":\"es\",\"@id\":\"https:\\\/\\\/huitres-arcachon-capferret.fr\\\/es\\\/la-ostra-bajo-control\\\/#primaryimage\",\"url\":\"https:\\\/\\\/huitres-arcachon-capferret.fr\\\/wp-content\\\/uploads\\\/2021\\\/04\\\/huitre-sous-controle.jpg\",\"contentUrl\":\"https:\\\/\\\/huitres-arcachon-capferret.fr\\\/wp-content\\\/uploads\\\/2021\\\/04\\\/huitre-sous-controle.jpg\",\"width\":2500,\"height\":936,\"caption\":\"La ostra bajo control\"},{\"@type\":\"WebSite\",\"@id\":\"https:\\\/\\\/huitres-arcachon-capferret.fr\\\/#website\",\"url\":\"https:\\\/\\\/huitres-arcachon-capferret.fr\\\/\",\"name\":\"HACF\",\"description\":\"Huitres Arcachon Cap Ferret\",\"publisher\":{\"@id\":\"https:\\\/\\\/huitres-arcachon-capferret.fr\\\/#organization\"},\"potentialAction\":[{\"@type\":\"SearchAction\",\"target\":{\"@type\":\"EntryPoint\",\"urlTemplate\":\"https:\\\/\\\/huitres-arcachon-capferret.fr\\\/?s={search_term_string}\"},\"query-input\":{\"@type\":\"PropertyValueSpecification\",\"valueRequired\":true,\"valueName\":\"search_term_string\"}}],\"inLanguage\":\"es\"},{\"@type\":\"Organization\",\"@id\":\"https:\\\/\\\/huitres-arcachon-capferret.fr\\\/#organization\",\"name\":\"CRCAA\",\"url\":\"https:\\\/\\\/huitres-arcachon-capferret.fr\\\/\",\"logo\":{\"@type\":\"ImageObject\",\"inLanguage\":\"es\",\"@id\":\"https:\\\/\\\/huitres-arcachon-capferret.fr\\\/#\\\/schema\\\/logo\\\/image\\\/\",\"url\":\"https:\\\/\\\/huitres-arcachon-capferret.fr\\\/wp-content\\\/uploads\\\/2022\\\/12\\\/Logo_HACF_2022_Blanc-Trans.png\",\"contentUrl\":\"https:\\\/\\\/huitres-arcachon-capferret.fr\\\/wp-content\\\/uploads\\\/2022\\\/12\\\/Logo_HACF_2022_Blanc-Trans.png\",\"width\":3544,\"height\":3544,\"caption\":\"CRCAA\"},\"image\":{\"@id\":\"https:\\\/\\\/huitres-arcachon-capferret.fr\\\/#\\\/schema\\\/logo\\\/image\\\/\"},\"sameAs\":[\"https:\\\/\\\/www.facebook.com\\\/Les-Hu\u00eetres-Arcachon-Cap-Ferret-646899868753704\\\/\",\"https:\\\/\\\/x.com\\\/CRCArcachonAquitaine\",\"https:\\\/\\\/www.instagram.com\\\/bassindarcachon\\\/\",\"https:\\\/\\\/www.youtube.com\\\/channel\\\/UC4DHB2nINn37sWqLMa6CDTg\"]}]}<\/script>\n<!-- \/ Yoast SEO plugin. -->","yoast_head_json":{"title":"Controles sanitarios de las ostras de la bah\u00eda de Arcach\u00f3n y del Cabo Ferret:","description":"El control de las ostras, de la calidad del agua, de los criaderos y de las caba\u00f1as son garant\u00eda de vigilancia sanitaria de los establecimientos ostr\u00edcolas.","robots":{"index":"index","follow":"follow","max-snippet":"max-snippet:-1","max-image-preview":"max-image-preview:large","max-video-preview":"max-video-preview:-1"},"canonical":"https:\/\/huitres-arcachon-capferret.fr\/es\/la-ostra-bajo-control\/","og_locale":"es_ES","og_type":"article","og_title":"Controles sanitarios de las ostras de la bah\u00eda de Arcach\u00f3n y del Cabo Ferret:","og_description":"El control de las ostras, de la calidad del agua, de los criaderos y de las caba\u00f1as son garant\u00eda de vigilancia sanitaria de los establecimientos ostr\u00edcolas.","og_url":"https:\/\/huitres-arcachon-capferret.fr\/es\/la-ostra-bajo-control\/","og_site_name":"HACF","article_publisher":"https:\/\/www.facebook.com\/Les-Hu%c3%aetres-Arcachon-Cap-Ferret-646899868753704\/","article_modified_time":"2021-08-10T15:58:45+00:00","og_image":[{"width":2500,"height":936,"url":"https:\/\/huitres-arcachon-capferret.fr\/wp-content\/uploads\/2021\/04\/huitre-sous-controle.jpg","type":"image\/jpeg"}],"twitter_card":"summary_large_image","twitter_site":"@CRCArcachonAquitaine","twitter_misc":{"Tiempo de lectura":"1 minuto"},"schema":{"@context":"https:\/\/schema.org","@graph":[{"@type":"WebPage","@id":"https:\/\/huitres-arcachon-capferret.fr\/es\/la-ostra-bajo-control\/","url":"https:\/\/huitres-arcachon-capferret.fr\/es\/la-ostra-bajo-control\/","name":"Controles sanitarios de las ostras de la bah\u00eda de Arcach\u00f3n y del Cabo Ferret:","isPartOf":{"@id":"https:\/\/huitres-arcachon-capferret.fr\/#website"},"primaryImageOfPage":{"@id":"https:\/\/huitres-arcachon-capferret.fr\/es\/la-ostra-bajo-control\/#primaryimage"},"image":{"@id":"https:\/\/huitres-arcachon-capferret.fr\/es\/la-ostra-bajo-control\/#primaryimage"},"thumbnailUrl":"https:\/\/huitres-arcachon-capferret.fr\/wp-content\/uploads\/2021\/04\/huitre-sous-controle.jpg","datePublished":"2021-08-10T15:58:37+00:00","dateModified":"2021-08-10T15:58:45+00:00","description":"El control de las ostras, de la calidad del agua, de los criaderos y de las caba\u00f1as son garant\u00eda de vigilancia sanitaria de los establecimientos ostr\u00edcolas.","inLanguage":"es","potentialAction":[{"@type":"ReadAction","target":["https:\/\/huitres-arcachon-capferret.fr\/es\/la-ostra-bajo-control\/"]}]},{"@type":"ImageObject","inLanguage":"es","@id":"https:\/\/huitres-arcachon-capferret.fr\/es\/la-ostra-bajo-control\/#primaryimage","url":"https:\/\/huitres-arcachon-capferret.fr\/wp-content\/uploads\/2021\/04\/huitre-sous-controle.jpg","contentUrl":"https:\/\/huitres-arcachon-capferret.fr\/wp-content\/uploads\/2021\/04\/huitre-sous-controle.jpg","width":2500,"height":936,"caption":"La ostra bajo control"},{"@type":"WebSite","@id":"https:\/\/huitres-arcachon-capferret.fr\/#website","url":"https:\/\/huitres-arcachon-capferret.fr\/","name":"HACF","description":"Huitres Arcachon Cap Ferret","publisher":{"@id":"https:\/\/huitres-arcachon-capferret.fr\/#organization"},"potentialAction":[{"@type":"SearchAction","target":{"@type":"EntryPoint","urlTemplate":"https:\/\/huitres-arcachon-capferret.fr\/?s={search_term_string}"},"query-input":{"@type":"PropertyValueSpecification","valueRequired":true,"valueName":"search_term_string"}}],"inLanguage":"es"},{"@type":"Organization","@id":"https:\/\/huitres-arcachon-capferret.fr\/#organization","name":"CRCAA","url":"https:\/\/huitres-arcachon-capferret.fr\/","logo":{"@type":"ImageObject","inLanguage":"es","@id":"https:\/\/huitres-arcachon-capferret.fr\/#\/schema\/logo\/image\/","url":"https:\/\/huitres-arcachon-capferret.fr\/wp-content\/uploads\/2022\/12\/Logo_HACF_2022_Blanc-Trans.png","contentUrl":"https:\/\/huitres-arcachon-capferret.fr\/wp-content\/uploads\/2022\/12\/Logo_HACF_2022_Blanc-Trans.png","width":3544,"height":3544,"caption":"CRCAA"},"image":{"@id":"https:\/\/huitres-arcachon-capferret.fr\/#\/schema\/logo\/image\/"},"sameAs":["https:\/\/www.facebook.com\/Les-Hu\u00eetres-Arcachon-Cap-Ferret-646899868753704\/","https:\/\/x.com\/CRCArcachonAquitaine","https:\/\/www.instagram.com\/bassindarcachon\/","https:\/\/www.youtube.com\/channel\/UC4DHB2nINn37sWqLMa6CDTg"]}]}},"_links":{"self":[{"href":"https:\/\/huitres-arcachon-capferret.fr\/es\/wp-json\/wp\/v2\/pages\/9574","targetHints":{"allow":["GET"]}}],"collection":[{"href":"https:\/\/huitres-arcachon-capferret.fr\/es\/wp-json\/wp\/v2\/pages"}],"about":[{"href":"https:\/\/huitres-arcachon-capferret.fr\/es\/wp-json\/wp\/v2\/types\/page"}],"author":[{"embeddable":true,"href":"https:\/\/huitres-arcachon-capferret.fr\/es\/wp-json\/wp\/v2\/users\/1"}],"replies":[{"embeddable":true,"href":"https:\/\/huitres-arcachon-capferret.fr\/es\/wp-json\/wp\/v2\/comments?post=9574"}],"version-history":[{"count":0,"href":"https:\/\/huitres-arcachon-capferret.fr\/es\/wp-json\/wp\/v2\/pages\/9574\/revisions"}],"wp:featuredmedia":[{"embeddable":true,"href":"https:\/\/huitres-arcachon-capferret.fr\/es\/wp-json\/wp\/v2\/media\/3473"}],"wp:attachment":[{"href":"https:\/\/huitres-arcachon-capferret.fr\/es\/wp-json\/wp\/v2\/media?parent=9574"}],"curies":[{"name":"wp","href":"https:\/\/api.w.org\/{rel}","templated":true}]}}